
{"id":2727,"date":"2025-09-05T07:03:35","date_gmt":"2025-09-05T07:03:35","guid":{"rendered":"https:\/\/shop.tamminhfoods.vn\/product\/bot-nem-tao-bien-hu-150g\/"},"modified":"2026-01-03T10:09:12","modified_gmt":"2026-01-03T10:09:12","slug":"bot-nem-tao-bien-hu-150g","status":"publish","type":"product","link":"https:\/\/shop.tamminhfoods.vn\/en\/bot-nem-tao-bien-hu-150g\/","title":{"rendered":"SEAWEED SEASONING POWDER 350G"},"content":{"rendered":"<p>B\u1ed9t N\u00eam T\u1ea3o Bi\u1ec3n v\u1edbi th\u00e0nh ph\u1ea7n 20% t\u1ea3o bi\u1ec3n, l\u00e0 ngu\u1ed3n cung c\u1ea5p phong ph\u00fa iodine, canxi v\u00e0 magi\u00ea cho c\u01a1 th\u1ec3. S\u1ea3n ph\u1ea9m kh\u00f4ng s\u1eed d\u1ee5ng b\u1ed9t ng\u1ecdt v\u00e0 \u0111\u01b0\u1eddng tinh luy\u1ec7n, thay v\u00e0o \u0111\u00f3 v\u1edbi th\u00e0nh ph\u1ea7n miso v\u00e0 m\u1ea7m l\u00faa m\u00ec k\u1ebft h\u1ee3p v\u1edbi c\u1ee7 ng\u01b0u b\u00e0ng, t\u1ea1o v\u1ecb ng\u1ecdt t\u1ef1 nhi\u00ean nh\u1eb9 nh\u00e0ng v\u00e0 thanh m\u00e1t, gi\u00fap m\u00f3n \u0103n c\u00e2n b\u1eb1ng dinh d\u01b0\u1ee1ng v\u00e0 th\u01a1m ngon tr\u1ecdn v\u1eb9n.<\/p>\n<p><strong>Th\u00e0nh ph\u1ea7n dinh d\u01b0\u1ee1ng:\u00a0<\/strong>t\u1ea3o bi\u1ec3n (20%), mu\u1ed1i, n\u1ea5m \u0111\u00f4ng c\u00f4, c\u1ee7 ng\u01b0u b\u00e0ng, c\u00e0 r\u1ed1t, c\u1ee7 c\u1ea3i, m\u1ea7m l\u00faa m\u00ec, miso, chi\u1ebft xu\u1ea5t n\u1ea5m men.<\/p>\n<p>\u01afu \u0111i\u1ec3m s\u1ea3n ph\u1ea9m:<\/p>\n<p>&#8211; Nguy\u00ean li\u1ec7u ho\u00e0n to\u00e0n t\u1eeb thi\u00ean nhi\u00ean<\/p>\n<p>&#8211; Kh\u00f4ng h\u01b0\u01a1ng li\u1ec7u c\u00f4ng nghi\u1ec7p<\/p>\n<p>&#8211; Kh\u00f4ng ph\u1ea9m m\u00e0u c\u00f4ng nghi\u1ec7p<\/p>\n<p>&#8211; Kh\u00f4ng ch\u1ea5t ch\u1ed1ng v\u00f3n<\/p>\n<p>&#8211; Kh\u00f4ng ch\u1ea5t b\u1ea3o qu\u1ea3n<\/p>\n<p>\u0110\u1ed1i t\u01b0\u1ee3ng s\u1eed d\u1ee5ng:\u00a0S\u1ea3n ph\u1ea9m ph\u00f9 h\u1ee3p cho m\u1ecdi th\u00e0nh vi\u00ean trong gia \u0111\u00ecnh, t\u1eeb ng\u01b0\u1eddi l\u1edbn tu\u1ed5i cho \u0111\u1ebfn tr\u1ebb nh\u1ecf v\u00e0 em b\u00e9.<\/p>\n<p><strong>C\u00f4ng d\u1ee5ng v\u00e0 l\u1ee3i \u00edch:\u00a0<\/strong><\/p>\n<p>&#8211; T\u1ea3o bi\u1ec3n ch\u1ee9a ho\u1ea1t ch\u1ea5t gi\u00e0u dinh d\u01b0\u1ee1ng fucoidan, ch\u1ea5t s\u1eaft v\u00e0 canxi t\u1ed1t cho tim m\u1ea1ch, h\u1ec7 x\u01b0\u01a1ng v\u00e0 h\u1ec7 ti\u00eau ho\u00e1.<\/p>\n<p>&#8211; C\u1ee7 ng\u01b0u b\u00e0ng gi\u00e0u ch\u1ea5t ch\u1ed1ng oxy ho\u00e1 axit phenolic, luteolin&#8230; h\u1ed7 tr\u1ee3 \u0111\u00e0o th\u1ea3i \u0111\u1ed9c t\u1ed1 v\u00e0 thanh l\u1ecdc c\u01a1 th\u1ec3.<\/p>\n<p>&#8211; M\u1ea7m l\u00faa m\u00ec ch\u1ee9a nhi\u1ec1u vitamin v\u00e0 kho\u00e1ng ch\u1ea5t h\u1ed7 tr\u1ee3 c\u1ea3i thi\u1ec7n s\u1ee9c kho\u1ebb tim m\u1ea1ch v\u00e0 t\u0103ng c\u01b0\u1eddng h\u1ec7 mi\u1ec5n d\u1ecbch.<\/p>\n<p>&#8211; Miso ch\u1ee9a nhi\u1ec1u acid amin gi\u00fap t\u1ed5ng h\u1ee3p protetin c\u1ea7n thi\u1ebft cho vi\u1ec7c t\u00e1i t\u1ea1o c\u01a1 th\u1ec3 v\u00e0 t\u0103ng h\u01b0\u01a1ng v\u1ecb m\u00f3n \u0103n.<\/p>\n<p><strong>H\u01b0\u1edbng d\u1eabn s\u1eed d\u1ee5ng:\u00a0<\/strong><\/p>\n<p>&#8211; Ph\u00f9 h\u1ee3p n\u00eam n\u1ebfm v\u00e0o c\u00e1c m\u00f3n \u0103n d\u1eb7m cho b\u00e9<\/p>\n<p>&#8211; C\u00f3 th\u1ec3 d\u00f9ng \u0111\u1ec3 ch\u1ea5m tr\u00e1i c\u00e2y hay rau c\u1ee7 lu\u1ed9c<\/p>\n<p>&#8211; D\u00f9ng \u0111\u1ec3 n\u00eam n\u1ebfm v\u00e0 t\u1ea9m \u01b0\u1edbp nguy\u00ean li\u1ec7u khi ch\u1ebf bi\u1ebfn c\u00e1c m\u00f3n \u0103n trong gia \u0111\u00ecnh<\/p>\n<p>&#8211;\u00a0Sau khi s\u1eed d\u1ee5ng, kho\u00e1 k\u00e9o zip v\u00e0 b\u1ea3o qu\u1ea3n trong ng\u0103n m\u00e1t t\u1ee7 l\u1ea1nh \u0111\u1ec3 tr\u00e1nh t\u00ecnh tr\u1ea1ng v\u00f3n c\u1ee5c.<\/p>\n<p><strong>Ng\u00e0y s\u1ea3n xu\u1ea5t:\u00a0<\/strong>xem tr\u00ean bao b\u00ec<\/p>\n<p><strong>H\u1ea1n s\u1eed d\u1ee5ng<\/strong>:12 th\u00e1ng k\u1ec3 t\u1eeb ng\u00e0y s\u1ea3n xu\u1ea5t<\/p>\n","protected":false},"excerpt":{"rendered":"<p>Seaweed Seasoning Powder is a harmonious blend of seaweed and natural vegetables. With its gentle, natural sweetness, it not only enhances the flavor of dishes but also provides essential nutrients, making it ideal for everyday family meals.<\/p>\n","protected":false},"featured_media":944,"comment_status":"open","ping_status":"closed","template":"","meta":{"_acf_changed":false},"product_brand":[],"product_cat":[15,64],"product_tag":[],"class_list":{"0":"post-2727","1":"product","2":"type-product","3":"status-publish","4":"has-post-thumbnail","6":"product_cat-product","7":"product_cat-no-additive-seasoning","9":"first","10":"instock","11":"shipping-taxable","12":"purchasable","13":"product-type-simple"},"acf":[],"_links":{"self":[{"href":"https:\/\/shop.tamminhfoods.vn\/en\/wp-json\/wp\/v2\/product\/2727","targetHints":{"allow":["GET"]}}],"collection":[{"href":"https:\/\/shop.tamminhfoods.vn\/en\/wp-json\/wp\/v2\/product"}],"about":[{"href":"https:\/\/shop.tamminhfoods.vn\/en\/wp-json\/wp\/v2\/types\/product"}],"replies":[{"embeddable":true,"href":"https:\/\/shop.tamminhfoods.vn\/en\/wp-json\/wp\/v2\/comments?post=2727"}],"wp:featuredmedia":[{"embeddable":true,"href":"https:\/\/shop.tamminhfoods.vn\/en\/wp-json\/wp\/v2\/media\/944"}],"wp:attachment":[{"href":"https:\/\/shop.tamminhfoods.vn\/en\/wp-json\/wp\/v2\/media?parent=2727"}],"wp:term":[{"taxonomy":"product_brand","embeddable":true,"href":"https:\/\/shop.tamminhfoods.vn\/en\/wp-json\/wp\/v2\/product_brand?post=2727"},{"taxonomy":"product_cat","embeddable":true,"href":"https:\/\/shop.tamminhfoods.vn\/en\/wp-json\/wp\/v2\/product_cat?post=2727"},{"taxonomy":"product_tag","embeddable":true,"href":"https:\/\/shop.tamminhfoods.vn\/en\/wp-json\/wp\/v2\/product_tag?post=2727"}],"curies":[{"name":"wp","href":"https:\/\/api.w.org\/{rel}","templated":true}]}}