
{"id":2801,"date":"2025-10-30T07:45:41","date_gmt":"2025-10-30T07:45:41","guid":{"rendered":"https:\/\/shop.tamminhfoods.vn\/product\/gia-vi-rac-com-rac-rac-hu-130gr\/"},"modified":"2026-01-07T15:43:39","modified_gmt":"2026-01-07T08:43:39","slug":"gia-vi-rac-com-rac-rac-hu-130gr","status":"publish","type":"product","link":"https:\/\/shop.tamminhfoods.vn\/en\/rac-rac-mix-rice-sprinkle-130g\/","title":{"rendered":"\u201cR\u1eaeC R\u1eaeC\u201d MIX RICE SPRINKLE 130G"},"content":{"rendered":"<p>Gia v\u1ecb r\u1eafc c\u01a1m l\u00faa m\u1ea1ch rong bi\u1ec3n s\u1ebd l\u00e0 m\u1ed9t l\u1ef1a ch\u1ecdn th\u00fa v\u1ecb khi b\u1ea1n mu\u1ed1n t\u00ecm ki\u1ebfm m\u1ed9t lo\u1ea1i gia v\u1ecb r\u1eafc c\u01a1m \u0111\u1ec3 l\u00e0m phong ph\u00fa th\u00eam cho nh\u1eefng b\u1eefa \u0103n c\u1ee7a gia \u0111\u00ecnh m\u00ecnh. \u0110\u01b0\u1ee3c s\u1ea3n xu\u1ea5t t\u1eeb 100% nguy\u00ean li\u1ec7u thi\u00ean nhi\u00ean, gia v\u1ecb r\u1eafc c\u01a1m l\u00faa m\u1ea1ch rong bi\u1ec3n kh\u00f4ng ch\u1ec9 \u0111\u00e1p \u1ee9ng ch\u1ea5t l\u01b0\u1ee3ng nh\u01b0 c\u00e1c lo\u1ea1i gia v\u1ecb r\u1eafc c\u01a1m \u0111\u1ebfn t\u1eeb Nh\u1eadt B\u1ea3n m\u00e0 c\u00f2n l\u00e0 s\u1ef1 k\u1ebft h\u1ee3p ho\u00e0n h\u1ea3o c\u00e1c th\u1ef1c ph\u1ea9m c\u00f3 h\u00e0m l\u01b0\u1ee3ng dinh d\u01b0\u1ee1ng cao v\u00e0 ph\u00f9 h\u1ee3p v\u1edbi kh\u1ea9u v\u1ecb c\u1ee7a ng\u01b0\u1eddi Vi\u1ec7t.<\/p>\n<p>Ngo\u00e0i ra, gia v\u1ecb r\u1eafc c\u01a1m l\u00faa m\u1ea1ch rong bi\u1ec3n c\u00f3 v\u1ecb gi\u00f2n thanh c\u1ee7a l\u00faa m\u1ea1ch, v\u1ecb b\u00e9o b\u00f9i c\u1ee7a m\u00e8 \u0111\u1ed3i v\u00e0 h\u01b0\u01a1ng v\u1ecb t\u1ef1 nhi\u00ean c\u1ee7a rong bi\u1ec3n. Ch\u1eafc ch\u1eafn s\u1ebd l\u00e0m c\u00e1c b\u00e9 th\u00edch th\u00fa h\u01a1n v\u1edbi nh\u1eefng b\u1eefa \u0103n h\u00e0ng ng\u00e0y khi b\u1ea1n ch\u1ecdn s\u1eed d\u1ee5ng s\u1ea3n ph\u1ea9m l\u00e0 gia v\u1ecb r\u1eafc c\u01a1m cho b\u00e9. S\u1ea3n ph\u1ea9m c\u00f3 ngu\u1ed3n g\u1ed1c th\u1ef1c v\u1eadt n\u00ean chay m\u1eb7n \u0111\u1ec1u c\u00f3 th\u1ec3 d\u00f9ng \u0111\u01b0\u1ee3c.<\/p>\n<p>S\u1ea3n ph\u1ea9m c\u00f3 ngu\u1ed3n g\u1ed1c ho\u00e0n to\u00e0n t\u1ef1 nhi\u00ean, kh\u00f4ng h\u00f3a ch\u1ea5t, t\u1eeb c\u00e1c nguy\u00ean li\u1ec7u cao c\u1ea5p \u0111\u01b0\u1ee3c ch\u1ecdn l\u1ecdc k\u1ef9 l\u01b0\u1ee1ng. L\u00faa m\u1ea1ch ch\u1ee9a nhi\u1ec1u ch\u1ea5t x\u01a1 kh\u00f4ng tan, gi\u00e0u protein v\u00e0 vitamin gi\u00fap gi\u1ea3m cholesterol trong m\u00e1u, r\u1ea5t t\u1ed1t cho qu\u00e1 tr\u00ecnh gi\u1ea3m c\u00e2n, ng\u0103n ng\u1eeba c\u00e1c b\u1ec7nh v\u1ec1 tim v\u00e0 \u0111\u01b0\u1eddng ru\u1ed9t. Rong bi\u1ec3n v\u1edbi c\u00f4ng d\u1ee5ng ch\u1ed1ng ung th\u01b0 nh\u1edd h\u1ee3p ch\u1ea5t th\u1ef1c v\u1eadt Lignans c\u00f3 kh\u1ea3 n\u0103ng \u1ee9c ch\u1ebf h\u00ecnh th\u00e0nh c\u00e1c kh\u1ed1i u. B\u00ean c\u1ea1nh \u0111\u00f3, gia v\u1ecb r\u1eafc c\u01a1m l\u00faa m\u1ea1ch rong bi\u1ec3n cung c\u1ea5p ch\u1ea5t b\u00e9o th\u1ef1c v\u1eadt t\u1eeb m\u00e8 \u0111\u1ed3i v\u00e0 s\u1eed d\u1ee5ng b\u1ed9t n\u00eam ng\u01b0u b\u00e1ng kh\u00f4ng c\u00f3 ch\u1ea5t b\u1ea3o qu\u1ea3n, an to\u00e0n cho s\u1ee9c kh\u1ecfe ng\u01b0\u1eddi d\u00f9ng.<\/p>\n<p>&nbsp;<\/p>\n<p>C\u00e1ch s\u1eed d\u1ee5ng:\u00a0R\u1eafc tr\u1ef1c ti\u1ebfp l\u00ean c\u01a1m, ch\u00e1o, x\u00f4i, b\u00e1nh m\u00ec, l\u00e0m sushi, n\u1eb7n vi\u00ean c\u01a1m tr\u1eafng r\u1ed3i l\u0103n qua gia v\u1ecb r\u1eafc c\u01a1m, r\u1eafc l\u00ean rau c\u1ee7 lu\u1ed9c.<\/p>\n<p>Th\u00e0nh ph\u1ea7n:\u00a0L\u00faa m\u1ea1ch, m\u00e8 \u0111\u1ed3i, rong bi\u1ec3n, b\u1ed9t n\u00eam ng\u01b0u b\u00e1ng, ti\u00eau, mu\u1ed1i. S\u1ea3n ph\u1ea9m l\u00e0m ho\u00e0n to\u00e0n t\u1ef1 nhi\u00ean, kh\u00f4ng h\u00f3a ch\u1ea5t.<\/p>\n<p>B\u1ea3o qu\u1ea3n:\u00a0B\u1ea3o qu\u1ea3n n\u01a1i kh\u00f4 r\u00e1o, tho\u00e1ng m\u00e1t, tr\u00e1nh \u00e1nh n\u1eafng tr\u1ef1c ti\u1ebfp.<\/p>\n<p>Ng\u00e0y s\u1ea3n xu\u1ea5t:\u00a0xem tr\u00ean bao b\u00ec<\/p>\n<p>H\u1ea1n s\u1eed d\u1ee5ng:\u00a012 th\u00e1ng k\u1ec3 t\u1eeb ng\u00e0y s\u1ea3n xu\u1ea5t<\/p>\n<p>S\u1ea3n ph\u1ea9m l\u00e0m ho\u00e0n to\u00e0n t\u1ef1 nhi\u00ean, kh\u00f4ng ho\u00e1 ch\u1ea5t.<\/p>\n","protected":false},"excerpt":{"rendered":"<p>\u201cR\u1eafc R\u1eafc\u201d mix rice sprinkle features a unique combination of crispy wheat, rich and nutty Vietnam Northwest sesame seeds, and lightly salted seaweed, creating a flavorful and nutritious topping that preserves the bold, familiar taste of traditional sesame salt.<\/p>\n","protected":false},"featured_media":2320,"comment_status":"open","ping_status":"closed","template":"","meta":{"_acf_changed":false},"product_brand":[],"product_cat":[15,64],"product_tag":[],"class_list":{"0":"post-2801","1":"product","2":"type-product","3":"status-publish","4":"has-post-thumbnail","6":"product_cat-product","7":"product_cat-no-additive-seasoning","9":"first","10":"instock","11":"shipping-taxable","12":"purchasable","13":"product-type-simple"},"acf":[],"_links":{"self":[{"href":"https:\/\/shop.tamminhfoods.vn\/en\/wp-json\/wp\/v2\/product\/2801","targetHints":{"allow":["GET"]}}],"collection":[{"href":"https:\/\/shop.tamminhfoods.vn\/en\/wp-json\/wp\/v2\/product"}],"about":[{"href":"https:\/\/shop.tamminhfoods.vn\/en\/wp-json\/wp\/v2\/types\/product"}],"replies":[{"embeddable":true,"href":"https:\/\/shop.tamminhfoods.vn\/en\/wp-json\/wp\/v2\/comments?post=2801"}],"wp:featuredmedia":[{"embeddable":true,"href":"https:\/\/shop.tamminhfoods.vn\/en\/wp-json\/wp\/v2\/media\/2320"}],"wp:attachment":[{"href":"https:\/\/shop.tamminhfoods.vn\/en\/wp-json\/wp\/v2\/media?parent=2801"}],"wp:term":[{"taxonomy":"product_brand","embeddable":true,"href":"https:\/\/shop.tamminhfoods.vn\/en\/wp-json\/wp\/v2\/product_brand?post=2801"},{"taxonomy":"product_cat","embeddable":true,"href":"https:\/\/shop.tamminhfoods.vn\/en\/wp-json\/wp\/v2\/product_cat?post=2801"},{"taxonomy":"product_tag","embeddable":true,"href":"https:\/\/shop.tamminhfoods.vn\/en\/wp-json\/wp\/v2\/product_tag?post=2801"}],"curies":[{"name":"wp","href":"https:\/\/api.w.org\/{rel}","templated":true}]}}