
{"id":2823,"date":"2025-08-01T09:27:27","date_gmt":"2025-08-01T09:27:27","guid":{"rendered":"https:\/\/shop.tamminhfoods.vn\/product\/mit-kho-dau-ngu\/"},"modified":"2026-01-09T16:34:56","modified_gmt":"2026-01-09T09:34:56","slug":"mit-kho-dau-ngu","status":"publish","type":"product","link":"https:\/\/shop.tamminhfoods.vn\/en\/instant-braised-jackfruit-with-beans\/","title":{"rendered":"INSTANT BRAISED JACKFRUIT WITH BEANS"},"content":{"rendered":"<p>M\u00f3n kho l\u00e0 m\u1ed9t m\u00f3n \u0103n ph\u1ed5 bi\u1ebfn trong m\u00e2m c\u01a1m gia \u0111\u00ecnh Vi\u1ec7t, v\u1edbi h\u01b0\u01a1ng v\u1ecb th\u01a1m ngon, \u0111\u1eadm \u0111\u00e0; nay \u0111\u01b0\u1ee3c \u0111\u00f3ng h\u1ed9p v\u1edbi c\u00f4ng ngh\u1ec7 h\u1ea5p ti\u1ec7t tr\u00f9ng hi\u1ec7n \u0111\u1ea1i t\u1eeb Nh\u1eadt B\u1ea3n, rau c\u1ee7 kho lu\u00f4n t\u01b0\u01a1i ngon v\u00e0 gi\u1eef nguy\u00ean h\u01b0\u01a1ng v\u1ecb truy\u1ec1n th\u1ed1ng, cho b\u1ea1n nh\u1eefng b\u1eefa c\u01a1m ti\u1ec7n l\u1ee3i v\u00e0 \u0111\u1ea7y \u0111\u1ee7 dinh d\u01b0\u1ee1ng.<\/p>\n<p>M\u00edt kho \u0111\u1eadu ng\u1ef1 c\u1ee7a T\u00e2m Minh Foods l\u00e0 m\u00f3n \u0103n gi\u00e0u dinh d\u01b0\u1ee1ng, k\u1ebft h\u1ee3p m\u00edt non v\u00e0 \u0111\u1eadu ng\u1ef1 \u2013 ngu\u1ed3n protein th\u1ef1c v\u1eadt v\u00e0 ch\u1ea5t x\u01a1 d\u1ed3i d\u00e0o. S\u1ea3n ph\u1ea9m cung c\u1ea5p vitamin v\u00e0 kho\u00e1ng ch\u1ea5t t\u1ef1 nhi\u00ean, h\u1ed7 tr\u1ee3 ti\u00eau h\u00f3a, t\u1ed1t cho tim m\u1ea1ch, v\u00e0 ti\u1ec7n l\u1ee3i cho b\u1eefa \u0103n nhanh, l\u00e0nh m\u1ea1nh.<\/p>\n<p><strong>Th\u00e0nh ph\u1ea7n dinh d\u01b0\u1ee1ng<\/strong>:\u00a0M\u00edt 50%, \u0111\u1eadu ng\u1ef1 10%, \u0111\u1eadu g\u00e0, l\u00e1 chanh, g\u1eebng, \u1edbt, ti\u00eau, s\u1eafn d\u00e2y, d\u1ea7u h\u01b0\u1edbng d\u01b0\u01a1ng, h\u00e0nh, b\u1ed9t n\u00eam ng\u01b0u b\u00e1ng.<\/p>\n<p>\u01afu \u0111i\u1ec3m s\u1ea3n ph\u1ea9m:<\/p>\n<p>&#8211; Nguy\u00ean li\u1ec7u ho\u00e0n to\u00e0n t\u1eeb thi\u00ean nhi\u00ean<\/p>\n<p>&#8211; Kh\u00f4ng h\u01b0\u01a1ng li\u1ec7u c\u00f4ng nghi\u1ec7p<\/p>\n<p>&#8211; Kh\u00f4ng ph\u1ea9m m\u00e0u c\u00f4ng nghi\u1ec7p<\/p>\n<p>&#8211; Kh\u00f4ng s\u1eed d\u1ee5ng b\u1ed9t ng\u1ecdt<\/p>\n<p>&#8211; Kh\u00f4ng ch\u1ea5t ch\u1ed1ng v\u00f3n<\/p>\n<p>&#8211; Kh\u00f4ng ch\u1ea5t b\u1ea3o qu\u1ea3n<\/p>\n<p>\u0110\u1ed1i t\u01b0\u1ee3ng s\u1eed d\u1ee5ng:\u00a0S\u1ea3n ph\u1ea9m ph\u00f9 h\u1ee3p cho m\u1ecdi th\u00e0nh vi\u00ean trong gia \u0111\u00ecnh, t\u1eeb ng\u01b0\u1eddi l\u1edbn tu\u1ed5i cho \u0111\u1ebfn tr\u1ebb nh\u1ecf.<\/p>\n<p><strong>C\u00e1c d\u1ecbp s\u1eed d\u1ee5ng:\u00a0<\/strong><\/p>\n<ul>\n<li>Ph\u00f9 h\u1ee3p s\u1eed d\u1ee5ng trong\u00a0nh\u1eefng chuy\u1ebfn \u0111i xa nh\u01b0 picnic, du l\u1ecbch v\u00e0 d\u00e3 ngo\u1ea1i ngo\u00e0i tr\u1eddi.<\/li>\n<li>B\u1ea1n b\u1eadn r\u1ed9n kh\u00f4ng c\u00f3 nhi\u1ec1u th\u1eddi gian, nh\u1eefng v\u1eabn mu\u1ed1n c\u00f3 nh\u1eefng m\u00f3n \u0103n\u00a0ngon, dinh d\u01b0\u1ee1ng.<\/li>\n<li>B\u1ea1n th\u01b0\u1eddng xuy\u00ean ph\u1ea3i di chuy\u1ec3n, ho\u1eb7c c\u00f4ng t\u00e1c xa, mang theo \u0111\u1ec3 s\u1eed d\u1ee5ng thay m\u00f3n l\u1ea1.<\/li>\n<li>Th\u1ef1c ph\u1ea9m d\u1ef1 tr\u1eef\u00a0l\u00fd t\u01b0\u1edfng cho nh\u1eefng n\u01a1i g\u1eb7p thi\u00ean tai, t\u1ea1m khan hi\u1ebfm l\u01b0\u01a1ng th\u1ef1c.<\/li>\n<\/ul>\n<p><strong>H\u01b0\u1edbng d\u1eabn s\u1eed d\u1ee5ng:\u00a0<\/strong><\/p>\n<ul>\n<li>D\u00f9ng ngay sau khi m\u1edf n\u1eafp<\/li>\n<li>Ngon h\u01a1n khi d\u00f9ng n\u00f3ng<\/li>\n<\/ul>\n<p><strong>H\u01b0\u1edbng d\u1eabn b\u1ea3o qu\u1ea3n:\u00a0<\/strong>\u0110\u1ec3 n\u01a1i kh\u00f4 r\u00e1o tho\u00e1ng m\u00e1t, tr\u00e1nh \u00e1nh n\u1eafng tr\u1ef1c ti\u1ebfp.<\/p>\n<p><strong>Ng\u00e0y s\u1ea3n xu\u1ea5t:<\/strong>\u00a0Xem tr\u00ean bao b\u00ec<\/p>\n<p><strong>H\u1ea1n s\u1eed d\u1ee5ng:<\/strong>\u00a012 th\u00e1ng k\u1ec3 t\u1eeb ng\u00e0y s\u1ea3n xu\u1ea5t<\/p>\n","protected":false},"excerpt":{"rendered":"<p>Instant Braised Jackfruit With Beans is made from young jackfruit and lima beans, rich in dietary fiber and plant-based protein. Modern cooking and retort sterilization create a savory braised dish that harmoniously blends the creamy richness of lima beans with the lightly chewy texture of jackfruit fibers.<\/p>\n","protected":false},"featured_media":3245,"comment_status":"open","ping_status":"closed","template":"","meta":{"_acf_changed":false},"product_brand":[],"product_cat":[15,69],"product_tag":[],"class_list":{"0":"post-2823","1":"product","2":"type-product","3":"status-publish","4":"has-post-thumbnail","6":"product_cat-product","7":"product_cat-no-preservatives-canned-foods","9":"first","10":"instock","11":"shipping-taxable","12":"purchasable","13":"product-type-simple"},"acf":[],"_links":{"self":[{"href":"https:\/\/shop.tamminhfoods.vn\/en\/wp-json\/wp\/v2\/product\/2823","targetHints":{"allow":["GET"]}}],"collection":[{"href":"https:\/\/shop.tamminhfoods.vn\/en\/wp-json\/wp\/v2\/product"}],"about":[{"href":"https:\/\/shop.tamminhfoods.vn\/en\/wp-json\/wp\/v2\/types\/product"}],"replies":[{"embeddable":true,"href":"https:\/\/shop.tamminhfoods.vn\/en\/wp-json\/wp\/v2\/comments?post=2823"}],"wp:featuredmedia":[{"embeddable":true,"href":"https:\/\/shop.tamminhfoods.vn\/en\/wp-json\/wp\/v2\/media\/3245"}],"wp:attachment":[{"href":"https:\/\/shop.tamminhfoods.vn\/en\/wp-json\/wp\/v2\/media?parent=2823"}],"wp:term":[{"taxonomy":"product_brand","embeddable":true,"href":"https:\/\/shop.tamminhfoods.vn\/en\/wp-json\/wp\/v2\/product_brand?post=2823"},{"taxonomy":"product_cat","embeddable":true,"href":"https:\/\/shop.tamminhfoods.vn\/en\/wp-json\/wp\/v2\/product_cat?post=2823"},{"taxonomy":"product_tag","embeddable":true,"href":"https:\/\/shop.tamminhfoods.vn\/en\/wp-json\/wp\/v2\/product_tag?post=2823"}],"curies":[{"name":"wp","href":"https:\/\/api.w.org\/{rel}","templated":true}]}}