
{"id":2891,"date":"2025-09-05T07:13:11","date_gmt":"2025-09-05T07:13:11","guid":{"rendered":"https:\/\/shop.tamminhfoods.vn\/product\/thung-10-goi-bot-nem-nguu-bang-1kg\/"},"modified":"2026-01-22T16:42:43","modified_gmt":"2026-01-22T09:42:43","slug":"thung-10-goi-bot-nem-nguu-bang-1kg","status":"publish","type":"product","link":"https:\/\/shop.tamminhfoods.vn\/en\/carton-of-10-packs-burdock-seasoning-powder-1kg\/","title":{"rendered":"CARTON OF 10 PACKS BURDOCK SEASONING POWDER 1KG"},"content":{"rendered":"<p>S\u1ea3n ph\u1ea9m b\u1ed9t n\u00eam v\u1edbi chi\u1ebft xu\u1ea5t t\u1eeb c\u1ee7 ng\u01b0u b\u00e1ng &#8211; lo\u1ea1i c\u1ee7 \u0111\u01b0\u1ee3c m\u1ec7nh danh l\u00e0 &#8220;nh\u00e0 m\u00e1y&#8221; thanh l\u1ecdc m\u1ee1 m\u00e1u v\u00e0 l\u01b0\u1ee3ng \u0111\u01b0\u1eddng trong c\u01a1 th\u1ec3. Nh\u1edd v\u1eady, b\u1ed9t n\u00eam ng\u01b0u b\u00e1ng kh\u00f4ng ch\u1ec9 gi\u00fap m\u00f3n \u0103n c\u00f3 h\u01b0\u01a1ng v\u1ecb th\u01a1m ngon, thanh ng\u1ecdt t\u1ef1 nhi\u00ean v\u1ed1n c\u00f3 t\u1eeb c\u1ee7 ng\u01b0u b\u00e1ng, m\u00e0 c\u00f2n gi\u00fap c\u01a1 th\u1ec3 \u0111\u00e0o th\u1ea3i v\u00e0 thanh l\u1ecdc \u0111\u1ed9c t\u1ed1 trong c\u01a1 th\u1ec3.<\/p>\n<p>Th\u00e0nh ph\u1ea7n dinh d\u01b0\u1ee1ng:\u00a0Ng\u01b0u b\u00e1ng 30%, mu\u1ed1i, n\u1ea5m \u0111\u00f4ng c\u00f4, c\u00e0 r\u1ed1t, protein \u0111\u1eadu n\u00e0nh, chi\u1ebft xu\u1ea5t l\u00faa m\u1ea1ch, \u0111\u01b0\u1eddng v\u00e0ng.<\/p>\n<p>\u01afu \u0111i\u1ec3m s\u1ea3n ph\u1ea9m:<\/p>\n<p>&#8211; Nguy\u00ean li\u1ec7u ho\u00e0n to\u00e0n t\u1eeb thi\u00ean nhi\u00ean<\/p>\n<p>&#8211; Kh\u00f4ng s\u1eed d\u1ee5ng ch\u1ea5t b\u1ea3o qu\u1ea3n<\/p>\n<p>&#8211; Kh\u00f4ng s\u1eed d\u1ee5ng b\u1ed9t ng\u1ecdt c\u00f4ng nghi\u1ec7p<\/p>\n<p>&#8211; Kh\u00f4ng h\u01b0\u01a1ng li\u1ec7u c\u00f4ng nghi\u1ec7p<\/p>\n<p>&#8211; Kh\u00f4ng ph\u1ea9m m\u00e0u c\u00f4ng nghi\u1ec7p<\/p>\n<p>\u0110\u1ed1i t\u01b0\u1ee3ng s\u1eed d\u1ee5ng:\u00a0S\u1ea3n ph\u1ea9m s\u1eed d\u1ee5ng \u0111\u01b0\u1ee3c cho c\u1ea3 m\u00f3n chay v\u00e0 m\u00f3n m\u1eb7n, ph\u00f9 h\u1ee3p cho m\u1ecdi th\u00e0nh vi\u00ean trong gia \u0111\u00ecnh, t\u1eeb ng\u01b0\u1eddi l\u1edbn tu\u1ed5i cho \u0111\u1ebfn tr\u1ebb nh\u1ecf,<\/p>\n<p>C\u00f4ng d\u1ee5ng, l\u1ee3i \u00edch:<\/p>\n<p>&#8211; Gi\u00fap m\u00f3n \u0103n th\u00eam \u0111\u1eadm \u0111\u00e0, ngon ng\u1ecdt t\u1ef1 nhi\u00ean<\/p>\n<p>&#8211; Cung c\u1ea5p ch\u1ea5t x\u01a1 v\u00e0 d\u01b0\u1ee1ng ch\u1ea5t cho c\u01a1 th\u1ec3<\/p>\n<p>&#8211; Gi\u00fap c\u01a1 th\u1ec3 \u0111\u00e0o th\u1ea3i \u0111\u1ed9c t\u1ed1<\/p>\n<p>&#8211; Thanh l\u1ecdc m\u1ee1 m\u00e1u, c\u1ea7n b\u1eb1ng l\u01b0\u1ee3ng \u0111\u01b0\u1eddng trong c\u01a1 th\u1ec3<\/p>\n<p>&#8211; C\u1ea3i thi\u1ec7n ch\u1ee9c n\u0103ng gan, ti\u00eau ho\u00e1 t\u1ed1t<\/p>\n<p>H\u01b0\u1edbng d\u1eabn s\u1eed d\u1ee5ng:<\/p>\n<p>&#8211; D\u00f9ng \u0111\u1ec3 n\u00eam n\u1ebfm v\u00e0o c\u00e1c m\u00f3n kho, m\u00f3n canh, m\u00f3n x\u00e0o, m\u00f3n l\u1ea9u&#8230;<\/p>\n<p>&#8211; C\u00f3 th\u1ec3 d\u00f9ng \u0111\u1ec3 ch\u1ea5m tr\u00e1i c\u00e2y, rau c\u1ee7 lu\u1ed9c&#8230;<\/p>\n<p>H\u01b0\u1edbng d\u1eabn b\u1ea3o qu\u1ea3n: Sau khi s\u1eed d\u1ee5ng, kho\u00e1 k\u00e9o zip v\u00e0 b\u1ea3o qu\u1ea3n trong ng\u0103n m\u00e1t t\u1ee7 l\u1ea1nh \u0111\u1ec3 tr\u00e1nh t\u00ecnh tr\u1ea1ng v\u00f3n c\u1ee5c.<\/p>\n<p><strong>Ng\u00e0y s\u1ea3n xu\u1ea5t:\u00a0<\/strong>xem tr\u00ean bao b\u00ec<\/p>\n<p><strong>H\u1ea1n s\u1eed d\u1ee5ng:<\/strong>\u00a012 th\u00e1ng k\u1ec3 t\u1eeb ng\u00e0y s\u1ea3n xu\u1ea5t<\/p>\n","protected":false},"excerpt":{"rendered":"<p>Made from burdock root and carefully selected fresh vegetables, this seasoning delivers a light natural sweetness and a clean, well-rounded flavor. It gently enhances the character of each dish, making everyday cooking more wholesome and enjoyable.<\/p>\n","protected":false},"featured_media":2472,"comment_status":"open","ping_status":"closed","template":"","meta":{"_acf_changed":false},"product_brand":[],"product_cat":[86,15,64],"product_tag":[],"class_list":{"0":"post-2891","1":"product","2":"type-product","3":"status-publish","4":"has-post-thumbnail","6":"product_cat-hang-thung-en","7":"product_cat-product","8":"product_cat-no-additive-seasoning","10":"first","11":"instock","12":"shipping-taxable","13":"purchasable","14":"product-type-simple"},"acf":[],"_links":{"self":[{"href":"https:\/\/shop.tamminhfoods.vn\/en\/wp-json\/wp\/v2\/product\/2891","targetHints":{"allow":["GET"]}}],"collection":[{"href":"https:\/\/shop.tamminhfoods.vn\/en\/wp-json\/wp\/v2\/product"}],"about":[{"href":"https:\/\/shop.tamminhfoods.vn\/en\/wp-json\/wp\/v2\/types\/product"}],"replies":[{"embeddable":true,"href":"https:\/\/shop.tamminhfoods.vn\/en\/wp-json\/wp\/v2\/comments?post=2891"}],"wp:featuredmedia":[{"embeddable":true,"href":"https:\/\/shop.tamminhfoods.vn\/en\/wp-json\/wp\/v2\/media\/2472"}],"wp:attachment":[{"href":"https:\/\/shop.tamminhfoods.vn\/en\/wp-json\/wp\/v2\/media?parent=2891"}],"wp:term":[{"taxonomy":"product_brand","embeddable":true,"href":"https:\/\/shop.tamminhfoods.vn\/en\/wp-json\/wp\/v2\/product_brand?post=2891"},{"taxonomy":"product_cat","embeddable":true,"href":"https:\/\/shop.tamminhfoods.vn\/en\/wp-json\/wp\/v2\/product_cat?post=2891"},{"taxonomy":"product_tag","embeddable":true,"href":"https:\/\/shop.tamminhfoods.vn\/en\/wp-json\/wp\/v2\/product_tag?post=2891"}],"curies":[{"name":"wp","href":"https:\/\/api.w.org\/{rel}","templated":true}]}}