
{"id":2949,"date":"2025-12-19T09:38:02","date_gmt":"2025-12-19T09:38:02","guid":{"rendered":"https:\/\/shop.tamminhfoods.vn\/product\/thung-12-hop-canh-rong-bien-123-ngon-55g\/"},"modified":"2026-01-22T16:48:32","modified_gmt":"2026-01-22T09:48:32","slug":"thung-12-hop-canh-rong-bien-123-ngon-55g","status":"publish","type":"product","link":"https:\/\/shop.tamminhfoods.vn\/en\/carton-of-12-boxes-1-2-3-ngon-seaweed-soup-55-g\/","title":{"rendered":"CARTON OF 12 BOXES 1, 2, 3 NGON SEAWEED SOUPS 55G"},"content":{"rendered":"<p><span style=\"font-weight: 400;\">Canh D\u01b0\u1ee1ng Sinh Rong Bi\u1ec3n T\u00e2m Minh Foods l\u00e0 m\u00f3n \u0103n r\u1ea5t gi\u00e0u d\u01b0\u1ee1ng ch\u1ea5t, t\u1ed1t cho h\u1ec7 ti\u00eau h\u00f3a, gi\u00e0u ch\u1ea5t dinh d\u01b0\u1ee1ng, \u00edt calo, c\u1ea3i thi\u1ec7n s\u1ee9c kh\u1ecfe tim m\u1ea1ch. Rong bi\u1ec3n ch\u1ee9a h\u00e0m l\u01b0\u1ee3ng cao ch\u1ea5t s\u1eaft, kho\u00e1ng ch\u1ea5t v\u00e0 c\u00e1c nguy\u00ean t\u1ed1 vi l\u01b0\u1ee3ng, gi\u00fap b\u1ed5 sung th\u00eam vitamin v\u00e0 kho\u00e1ng ch\u1ea5t v\u00e0o ch\u1ebf \u0111\u1ed9 \u0103n u\u1ed1ng h\u1eb1ng ng\u00e0y.\u00a0Rong bi\u1ec3n \u0111\u01b0\u1ee3c s\u1ea5y theo c\u00f4ng ngh\u1ec7 s\u1ea5y th\u0103ng hoa hi\u1ec7n \u0111\u1ea1i c\u1ee7a c\u00f4ng ngh\u1ec7 Nh\u1eadt B\u1ea3n, gi\u1eef l\u1ea1i t\u1ed1i \u0111a h\u00e0m l\u01b0\u1ee3ng dinh d\u01b0\u1ee1ng c\u00f3 trong rong bi\u1ec3n.<\/span><\/p>\n<p><span style=\"font-weight: 400;\">L\u00e1 rong \u0111\u00e3 \u0111\u01b0\u1ee3c s\u1ea5y kh\u00f4, khi cho n\u01b0\u1edbc s\u00f4i v\u00e0o rong bi\u1ec3n s\u1ebd h\u00fat n\u01b0\u1edbc v\u00e0 n\u1edf th\u00e0nh canh. Canh rong bi\u1ec3n \u0111\u01b0\u1ee3c \u0111\u00f3ng g\u00f3i theo t\u1eebng g\u00f3i nh\u1ecf ti\u1ec7n d\u1ee5ng c\u00f3 th\u1ec3 mang theo b\u1ea5t c\u1ee9 n\u01a1i \u0111\u00e2u v\u00e0 ch\u1ec9 c\u1ea7n th\u1eddi gian 3 ph\u00fat l\u00e0 c\u00f3 m\u1ed9t ch\u00e9n canh n\u00f3ng h\u1ed5i nghi ng\u00fat h\u01b0\u01a1ng v\u1ecb th\u01a1m ngon, m\u00f9i v\u1ecb \u0111\u1eadm \u0111\u00e0 khi \u0103n v\u1edbi c\u01a1m tr\u1eafng.\u00a0M\u00f3n \u0103n r\u1ea5t th\u00edch h\u1ee3p d\u00f9ng trong nh\u1eefng ng\u00e0y b\u1eadn r\u1ed9n, gi\u00fap c\u01a1 th\u1ec3 gi\u1ea3i nhi\u1ec7t v\u00e0 b\u1ed5 sung n\u0103ng l\u01b0\u1ee3ng hi\u1ec7u qu\u1ea3.\u00a0<\/span><\/p>\n<p><span style=\"font-weight: 400;\">\u01afu \u0111i\u1ec3m c\u1ee7a canh d\u01b0\u1ee1ng sinh rong bi\u1ec3n T\u00e2m Minh Foods:<\/span><\/p>\n<p><span style=\"font-weight: 400;\">&#8211; Kh\u00f4ng s\u1eed d\u1ee5ng ch\u1ea5t b\u1ea3o qu\u1ea3n<\/span><\/p>\n<p><span style=\"font-weight: 400;\">&#8211; D\u00f9ng b\u1ed9t n\u00eam ng\u01b0u b\u00e1ng kh\u00f4ng b\u1ed9t ng\u1ecdt<\/span><\/p>\n<p><span style=\"font-weight: 400;\">&#8211; Kh\u00f4ng ph\u1ea9m m\u00e0u c\u00f4ng nghi\u1ec7p<\/span><\/p>\n<p><span style=\"font-weight: 400;\"><b><strong>Quy c\u00e1ch \u0111\u00f3ng g\u00f3i:<\/strong><\/b>\u00a0H\u1ed9p 10 g\u00f3i (5.5g x 10 g\u00f3i). M\u1ed9t g\u00f3i t\u01b0\u01a1ng \u0111\u01b0\u01a1ng v\u1edbi m\u1ed9t ch\u00e9n canh.<\/span><\/p>\n<p><span style=\"font-weight: 400;\"><b><strong>H\u01b0\u1edbng d\u1eabn s\u1eed d\u1ee5ng:<\/strong><\/b><\/span><\/p>\n<p><span style=\"font-weight: 400;\">B\u01b0\u1edbc 1: Cho g\u00f3i canh v\u00e0o ch\u00e9n<\/span><\/p>\n<p><span style=\"font-weight: 400;\">B\u01b0\u1edbc 2: Cho n\u01b0\u1edbc s\u00f4i v\u00e0o \u0111\u1ee7 140ml<\/span><\/p>\n<p><span style=\"font-weight: 400;\">B\u01b0\u1edbc 3: Tr\u1ed9n \u0111\u1ec1u, ch\u1edd 3 ph\u00fat l\u00e0 d\u00f9ng \u0111\u01b0\u1ee3c ngay.<\/span><\/p>\n<p><span style=\"font-weight: 400;\"><b><strong>Th\u00e0nh ph\u1ea7n:<\/strong><\/b>\u00a0Rong bi\u1ec3n, \u0111\u1eadu h\u0169, c\u1ee7 ng\u01b0u b\u00e1ng, n\u1ea5m \u0111\u00f4ng c\u00f4, c\u00e0 r\u1ed1t, m\u00e8, gia v\u1ecb: mu\u1ed1i, h\u00e0nh, ti\u00eau.<\/span><\/p>\n<p><span style=\"font-weight: 400;\"><b><strong>B\u1ea3o qu\u1ea3n:<\/strong><\/b>\u00a0N\u01a1i kh\u00f4 r\u00e1o.<\/span><\/p>\n<p><span style=\"font-weight: 400;\"><b><strong>Ng\u00e0y s\u1ea3n xu\u1ea5t:<\/strong><\/b>\u00a0xem tr\u00ean bao b\u00ec<\/span><\/p>\n<p><span style=\"font-weight: 400;\"><b><strong>H\u1ea1n s\u1eed d\u1ee5ng:<\/strong><\/b>\u00a012 th\u00e1ng k\u1ec3 t\u1eeb ng\u00e0y s\u1ea3n xu\u1ea5t<\/span><\/p>\n<p><span style=\"font-weight: 400;\">S\u1ea3n ph\u1ea9m l\u00e0m ho\u00e0n to\u00e0n t\u1ef1 nhi\u00ean, kh\u00f4ng ho\u00e1 ch\u1ea5t.<\/span><\/p>\n","protected":false},"excerpt":{"rendered":"<p>1,2,3 Ngon Seaweed Soup is made with Wakame seaweed, naturally rich in iron and calcium. Using advanced  freeze-drying technology, the product perfectly preserves nutrients and delivers a naturally fragrant, delicious taste.<\/p>\n","protected":false},"featured_media":2579,"comment_status":"open","ping_status":"closed","template":"","meta":{"_acf_changed":false},"product_brand":[],"product_cat":[86,15,68],"product_tag":[],"class_list":{"0":"post-2949","1":"product","2":"type-product","3":"status-publish","4":"has-post-thumbnail","6":"product_cat-hang-thung-en","7":"product_cat-product","8":"product_cat-healthy-instant-foods","10":"first","11":"instock","12":"shipping-taxable","13":"purchasable","14":"product-type-simple"},"acf":[],"_links":{"self":[{"href":"https:\/\/shop.tamminhfoods.vn\/en\/wp-json\/wp\/v2\/product\/2949","targetHints":{"allow":["GET"]}}],"collection":[{"href":"https:\/\/shop.tamminhfoods.vn\/en\/wp-json\/wp\/v2\/product"}],"about":[{"href":"https:\/\/shop.tamminhfoods.vn\/en\/wp-json\/wp\/v2\/types\/product"}],"replies":[{"embeddable":true,"href":"https:\/\/shop.tamminhfoods.vn\/en\/wp-json\/wp\/v2\/comments?post=2949"}],"wp:featuredmedia":[{"embeddable":true,"href":"https:\/\/shop.tamminhfoods.vn\/en\/wp-json\/wp\/v2\/media\/2579"}],"wp:attachment":[{"href":"https:\/\/shop.tamminhfoods.vn\/en\/wp-json\/wp\/v2\/media?parent=2949"}],"wp:term":[{"taxonomy":"product_brand","embeddable":true,"href":"https:\/\/shop.tamminhfoods.vn\/en\/wp-json\/wp\/v2\/product_brand?post=2949"},{"taxonomy":"product_cat","embeddable":true,"href":"https:\/\/shop.tamminhfoods.vn\/en\/wp-json\/wp\/v2\/product_cat?post=2949"},{"taxonomy":"product_tag","embeddable":true,"href":"https:\/\/shop.tamminhfoods.vn\/en\/wp-json\/wp\/v2\/product_tag?post=2949"}],"curies":[{"name":"wp","href":"https:\/\/api.w.org\/{rel}","templated":true}]}}