
{"id":2956,"date":"2025-11-27T07:51:01","date_gmt":"2025-11-27T07:51:01","guid":{"rendered":"https:\/\/shop.tamminhfoods.vn\/product\/thung-chao-gao-lut-rong-bien-yummom\/"},"modified":"2026-01-22T16:57:43","modified_gmt":"2026-01-22T09:57:43","slug":"thung-chao-gao-lut-rong-bien-yummom","status":"publish","type":"product","link":"https:\/\/shop.tamminhfoods.vn\/en\/carton-of-24-cups-yummom-instant-seaweed-brown-rice-porridge-45g\/","title":{"rendered":"CARTON OF 24 CUPS YUMMOM INSTANT SEAWEED BROWN RICE PORRIDGE 45G"},"content":{"rendered":"<p>Ch\u00e1o G\u1ea1o L\u1ee9t Rong Bi\u1ec3n \u0102n Li\u1ec1n Yummom \u0111\u01b0\u1ee3c l\u00e0m t\u1eeb g\u1ea1o l\u1ee9t v\u00e0 y\u1ebfn m\u1ea1ch, c\u00f3 h\u00e0m l\u01b0\u1ee3ng dinh d\u01b0\u1ee1ng cao, k\u1ebft h\u1ee3p c\u00f9ng rong bi\u1ec3n, n\u1ea5m \u0111\u00f4ng c\u00f4, c\u00e0 r\u1ed1t v\u00e0 v\u1ecb ng\u1ecdt thanh t\u1eeb b\u1ed9t n\u00eam ng\u01b0u b\u00e1ng, t\u1ea1o n\u00ean m\u1ed9t ly ch\u00e1o th\u01a1m ngon chu\u1ea9n m\u1eb9 n\u1ea5u.<\/p>\n<p>Ch\u00e1o G\u1ea1o L\u1ee9t Rong Bi\u1ec3n \u0102n Li\u1ec1n Yummom h\u1ed7 tr\u1ee3 cung c\u1ea5p ch\u1ea5t s\u1eaft v\u00e0 ch\u1ea5t x\u01a1, t\u1ed1t cho h\u1ec7 ti\u00eau h\u00f3a v\u00e0 t\u0103ng c\u01b0\u1eddng mi\u1ec5n d\u1ecbch cho c\u01a1 th\u1ec3. Ch\u1ec9 v\u1edbi 3 ph\u00fat l\u00e0 c\u00f3 ngay m\u1ed9t ly ch\u00e1o n\u00f3ng h\u1ed5i th\u01a1m ngon, v\u1ecb t\u1ef1 nhi\u00ean, y\u00ean s\u1ee9c kh\u1ecfe.<\/p>\n<p>Ch\u00e1o\u00a0c\u00f2n \u0111\u01b0\u1ee3c s\u1ea3n xu\u1ea5t tu\u00e2n theo c\u00e1c nguy\u00ean t\u1eafc th\u1ef1c d\u01b0\u1ee1ng n\u00ean ph\u00f9 h\u1ee3p cho c\u1ea3 ng\u01b0\u1eddi \u0103n chay v\u00e0 \u0103n m\u1eb7n. \u0110\u01b0\u1ee3c \u0111\u00f3ng g\u00f3i \u1edf d\u1ea1ng ly, r\u1ea5t ti\u1ec7n l\u1ee3i khi mang \u0111i b\u1ea5t c\u1ee9 \u0111\u00e2u.<\/p>\n<p>Th\u00e0nh ph\u1ea7n:\u00a0Y\u1ebfn m\u1ea1ch, g\u1ea1o l\u1ee9t (40%), rong bi\u1ec3n, c\u1ee7 ng\u01b0u b\u00e1ng, n\u1ea5m \u0111\u00f4ng c\u00f4, c\u00e0 r\u1ed1t, gia v\u1ecb: mu\u1ed1i, h\u00e0nh, ti\u00eau<\/p>\n<p><img loading=\"lazy\" decoding=\"async\" src=\"https:\/\/cf.shopee.vn\/file\/vn-11134202-7ras8-m27p055cw81e21\" width=\"1000\" height=\"1515\" data-uploading=\"uploaded\" data-upload-status=\"success\" \/><\/p>\n<p>H\u01b0\u1edbng d\u1eabn s\u1eed d\u1ee5ng:<\/p>\n<p>&#8211; Cho g\u00f3i ch\u00e1o, g\u00f3i gia v\u1ecb, g\u00f3i rong bi\u1ec3n v\u00e0\u00a0rau c\u1ee7 v\u00e0o ly<\/p>\n<p>&#8211; Cho n\u01b0\u1edbc s\u00f4i v\u1eeba \u0111\u1ee7<\/p>\n<p>&#8211; \u0110\u1eady k\u00ednh trong 3 ph\u00fat<\/p>\n<p>&#8211; M\u1edf n\u1eafp, tr\u1ed9n \u0111\u1ec1u l\u00e0 d\u00f9ng \u0111\u01b0\u1ee3c ngay<\/p>\n<p>B\u1ea3o qu\u1ea3n:\u00a0B\u1ea3o qu\u1ea3n n\u01a1i kh\u00f4 r\u00e1o v\u00e0 tr\u00e1nh \u00e1nh n\u1eafng m\u1eb7t tr\u1eddi<\/p>\n<p>Ng\u00e0y s\u1ea3n xu\u1ea5t (NSX): xem tr\u00ean bao b\u00ec<\/p>\n<p>H\u1ea1n s\u1eed d\u1ee5ng: 12 th\u00e1ng k\u1ec3 t\u1eeb ng\u00e0y s\u1ea3n xu\u1ea5t<\/p>\n<p>S\u1ea3n ph\u1ea9m l\u00e0m ho\u00e0n to\u00e0n t\u1ef1 nhi\u00ean, kh\u00f4ng ho\u00e1 ch\u1ea5t.<\/p>\n<p>&nbsp;<\/p>\n","protected":false},"excerpt":{"rendered":"<p>Yummom Instant Seaweed Brown Rice Porridge is crafted from brown rice and oats, offering high nutritional value. Combined with seaweed, shiitake mushrooms, carrots, and the gentle natural sweetness of burdock seasoning, it delivers a comforting, home-cooked taste\u2014just like mom makes.<\/p>\n","protected":false},"featured_media":2625,"comment_status":"open","ping_status":"closed","template":"","meta":{"_acf_changed":false},"product_brand":[],"product_cat":[86,68],"product_tag":[],"class_list":{"0":"post-2956","1":"product","2":"type-product","3":"status-publish","4":"has-post-thumbnail","6":"product_cat-hang-thung-en","7":"product_cat-healthy-instant-foods","9":"first","10":"instock","11":"shipping-taxable","12":"purchasable","13":"product-type-simple"},"acf":[],"_links":{"self":[{"href":"https:\/\/shop.tamminhfoods.vn\/en\/wp-json\/wp\/v2\/product\/2956","targetHints":{"allow":["GET"]}}],"collection":[{"href":"https:\/\/shop.tamminhfoods.vn\/en\/wp-json\/wp\/v2\/product"}],"about":[{"href":"https:\/\/shop.tamminhfoods.vn\/en\/wp-json\/wp\/v2\/types\/product"}],"replies":[{"embeddable":true,"href":"https:\/\/shop.tamminhfoods.vn\/en\/wp-json\/wp\/v2\/comments?post=2956"}],"wp:featuredmedia":[{"embeddable":true,"href":"https:\/\/shop.tamminhfoods.vn\/en\/wp-json\/wp\/v2\/media\/2625"}],"wp:attachment":[{"href":"https:\/\/shop.tamminhfoods.vn\/en\/wp-json\/wp\/v2\/media?parent=2956"}],"wp:term":[{"taxonomy":"product_brand","embeddable":true,"href":"https:\/\/shop.tamminhfoods.vn\/en\/wp-json\/wp\/v2\/product_brand?post=2956"},{"taxonomy":"product_cat","embeddable":true,"href":"https:\/\/shop.tamminhfoods.vn\/en\/wp-json\/wp\/v2\/product_cat?post=2956"},{"taxonomy":"product_tag","embeddable":true,"href":"https:\/\/shop.tamminhfoods.vn\/en\/wp-json\/wp\/v2\/product_tag?post=2956"}],"curies":[{"name":"wp","href":"https:\/\/api.w.org\/{rel}","templated":true}]}}