
{"id":2958,"date":"2025-11-27T07:32:25","date_gmt":"2025-11-27T07:32:25","guid":{"rendered":"https:\/\/shop.tamminhfoods.vn\/product\/thung-chao-yen-mach-ly\/"},"modified":"2026-01-22T16:58:49","modified_gmt":"2026-01-22T09:58:49","slug":"thung-chao-yen-mach-ly","status":"publish","type":"product","link":"https:\/\/shop.tamminhfoods.vn\/en\/carton-of-24-cups-instant-oatmeal-porridge-43g\/","title":{"rendered":"CARTON OF 24 CUPS INSTANT OATMEAL PORRIDGE"},"content":{"rendered":"<p>Th\u00f9ng 24 ly ch\u00e1o d\u01b0\u1ee1ng sinh \u0103n li\u1ec1n T\u00e2m Minh (24 ly x 43g) \u0111\u01b0\u1ee3c s\u1ea3n xu\u1ea5t t\u1eeb 100% nguy\u00ean li\u1ec7u t\u1ef1 nhi\u00ean.<\/p>\n<p>Kh\u00f4ng s\u1eed d\u1ee5ng b\u1ed9t ng\u1ecdt, ph\u1ea9m m\u00e0u, h\u00f3a ch\u1ea5t, ch\u1ea5t b\u1ea3o qu\u1ea3n v\u00e0 h\u01b0\u01a1ng li\u1ec7u.<\/p>\n<p>Y\u1ebfn m\u1ea1ch \u0111\u01b0\u1ee3c nh\u1eadp kh\u1ea9u t\u1eeb \u00dac, S\u1ea3n ph\u1ea9m ph\u00f9 h\u1ee3p cho c\u1ea3 ng\u01b0\u1eddi \u0103n m\u1eb7n v\u00e0 \u0103n chay.<\/p>\n<p>M\u1ed9t ng\u00e0y c\u1ee7a b\u1ea1n qu\u00e1 b\u1eadn r\u1ed9n, b\u1ea1n kh\u00f4ng k\u1ecbp chu\u1ea9n b\u1ecb cho m\u00ecnh m\u1ed9t b\u1eefa \u0103n \u0111\u1ee7 \u0111\u1ea7y, m\u00e0 c\u00e1c lo\u1ea1i \u0111\u1ed3 \u0103n \u0111\u00f3ng h\u1ed9p th\u00ec l\u1ea1i khi\u1ebfn b\u1ea1n lo l\u1eafng v\u1ec1 th\u00e0nh ph\u1ea7n, ch\u1ee9a nhi\u1ec1u c\u00e1c h\u00f3a ch\u1ea5t c\u00f3 th\u1ec3 s\u1ebd \u1ea3nh h\u01b0\u1edfng \u0111\u1ebfn s\u1ee9c kh\u1ecfe? \u0110\u1eebng lo l\u1eafng, Ch\u00e1o Y\u1ebfn M\u1ea1ch G\u1ea1o L\u1ee9t T\u00e2m Minh s\u1ebd gi\u1ea3i quy\u1ebft n\u1ed7i lo n\u00e0y cho b\u1ea1n.<\/p>\n<p>Ch\u00e1o y\u1ebfn m\u1ea1ch \u0103n li\u1ec1n c\u1ee7a T\u00e2m Minh Foods \u0111\u01b0\u1ee3c s\u1ea3n xu\u1ea5t 100% t\u1eeb thi\u00ean nhi\u00ean g\u1ed3m y\u1ebfn m\u1ea1ch v\u00e0 g\u1ea1o l\u1ee9t, ph\u00f9 h\u1ee3p v\u1edbi l\u1ed1i s\u1ed1ng hi\u1ec7n \u0111\u1ea1i, nhanh g\u1ecdn m\u00e0 kh\u00f4ng t\u1ed1n nhi\u1ec1u th\u1eddi gian \u0111\u1ec3 ch\u1ebf bi\u1ebfn. Ch\u1ec9 c\u1ea7n 3 ph\u00fat l\u00e0 c\u00f3 ngay t\u00f4 ch\u00e1o n\u00f3ng h\u1ed5i, gi\u00fap xua tan nhanh c\u01a1n \u0111\u00f3i v\u00e0o bu\u1ed5i s\u00e1ng ho\u1eb7c bu\u1ed5i x\u1ebf chi\u1ec1u.<\/p>\n<p>Ch\u00e1o y\u1ebfn m\u1ea1ch g\u1ea1o l\u1ee9t T\u00e2m Minh kh\u00f4ng ch\u1ec9 l\u00e0 b\u1eefa \u0103n \u0111\u1ea7y dinh d\u01b0\u1ee1ng v\u00e0 c\u00f2n l\u00e0 l\u1ef1a ch\u1ecdn tuy\u1ec7t v\u1eddi n\u1ebfu b\u1ea1n \u0111ang c\u00f3 mong mu\u1ed1n gi\u1ea3m c\u00e2n m\u1ed9t c\u00e1ch khoa h\u1ecdc. Ch\u00e1o Y\u1ebfn M\u1ea1ch G\u1ea1o L\u1ee9t c\u00f2n \u0111\u01b0\u1ee3c s\u1ea3n xu\u1ea5t tu\u00e2n theo c\u00e1c nguy\u00ean t\u1eafc th\u1ef1c d\u01b0\u1ee1ng n\u00ean ph\u00f9 h\u1ee3p cho c\u1ea3 ng\u01b0\u1eddi \u0103n chay v\u00e0 \u0103n m\u1eb7n. \u0110\u01b0\u1ee3c \u0111\u00f3ng g\u00f3i \u1edf hai d\u1ea1ng Ly v\u00e0 G\u00f3i, r\u1ea5t ti\u1ec7n l\u1ee3i cho nh\u1eefng m\u1ee5c \u0111\u00edch s\u1eed d\u1ee5ng kh\u00e1c nhau.<\/p>\n<p>Th\u00e0nh ph\u1ea7n: Y\u1ebfn m\u1ea1ch (50%), g\u1ea1o l\u1ee9t (40%), c\u1ee7 ng\u01b0u b\u00e1ng (3%), n\u1ea5m \u0111\u00f4ng c\u00f4 (1%), c\u00e0 r\u1ed1t (1%), gia v\u1ecb (5%): mu\u1ed1i, h\u00e0nh, ti\u00eau<\/p>\n<p>H\u01b0\u1edbng d\u1eabn s\u1eed d\u1ee5ng:<\/p>\n<p>&#8211; Cho g\u00f3i ch\u00e1o, g\u00f3i gia v\u1ecb v\u00e0 rau c\u1ee7 v\u00e0o ly<\/p>\n<p>&#8211; Cho n\u01b0\u1edbc s\u00f4i v\u1eeba \u0111\u1ee7<\/p>\n<p>&#8211; \u0110\u1eady k\u00ednh trong 3 ph\u00fat<\/p>\n<p>&#8211; M\u1edf n\u1eafp, tr\u1ed9n \u0111\u1ec1u l\u00e0 d\u00f9ng \u0111\u01b0\u1ee3c ngay<\/p>\n<p>B\u1ea3o qu\u1ea3n: B\u1ea3o qu\u1ea3n n\u01a1i kh\u00f4 r\u00e1o v\u00e0 tr\u00e1nh \u00e1nh n\u1eafng m\u1eb7t tr\u1eddi<\/p>\n<p>Ng\u00e0y s\u1ea3n xu\u1ea5t: Xem tr\u00ean bao b\u00ec<\/p>\n<p>H\u1ea1n s\u1eed d\u1ee5ng: 12 th\u00e1ng k\u1ec3 t\u1eeb ng\u00e0y s\u1ea3n xu\u1ea5t<\/p>\n<p>S\u1ea3n ph\u1ea9m l\u00e0m ho\u00e0n to\u00e0n t\u1ef1 nhi\u00ean, kh\u00f4ng ho\u00e1 ch\u1ea5t.<\/p>\n","protected":false},"excerpt":{"rendered":"<p>Instan Oatmeal Porridge features a porridge base made from oats and brown rice, both rich in minerals and beneficial fiber. Its naturally light sweetness comes from a harmonious blend of vegetables such as shiitake mushrooms, carrots, and burdock seasoning.<\/p>\n","protected":false},"featured_media":2623,"comment_status":"open","ping_status":"closed","template":"","meta":{"_acf_changed":false},"product_brand":[],"product_cat":[86,68],"product_tag":[],"class_list":{"0":"post-2958","1":"product","2":"type-product","3":"status-publish","4":"has-post-thumbnail","6":"product_cat-hang-thung-en","7":"product_cat-healthy-instant-foods","9":"first","10":"instock","11":"shipping-taxable","12":"purchasable","13":"product-type-simple"},"acf":[],"_links":{"self":[{"href":"https:\/\/shop.tamminhfoods.vn\/en\/wp-json\/wp\/v2\/product\/2958","targetHints":{"allow":["GET"]}}],"collection":[{"href":"https:\/\/shop.tamminhfoods.vn\/en\/wp-json\/wp\/v2\/product"}],"about":[{"href":"https:\/\/shop.tamminhfoods.vn\/en\/wp-json\/wp\/v2\/types\/product"}],"replies":[{"embeddable":true,"href":"https:\/\/shop.tamminhfoods.vn\/en\/wp-json\/wp\/v2\/comments?post=2958"}],"wp:featuredmedia":[{"embeddable":true,"href":"https:\/\/shop.tamminhfoods.vn\/en\/wp-json\/wp\/v2\/media\/2623"}],"wp:attachment":[{"href":"https:\/\/shop.tamminhfoods.vn\/en\/wp-json\/wp\/v2\/media?parent=2958"}],"wp:term":[{"taxonomy":"product_brand","embeddable":true,"href":"https:\/\/shop.tamminhfoods.vn\/en\/wp-json\/wp\/v2\/product_brand?post=2958"},{"taxonomy":"product_cat","embeddable":true,"href":"https:\/\/shop.tamminhfoods.vn\/en\/wp-json\/wp\/v2\/product_cat?post=2958"},{"taxonomy":"product_tag","embeddable":true,"href":"https:\/\/shop.tamminhfoods.vn\/en\/wp-json\/wp\/v2\/product_tag?post=2958"}],"curies":[{"name":"wp","href":"https:\/\/api.w.org\/{rel}","templated":true}]}}