
{"id":2966,"date":"2025-12-19T04:01:56","date_gmt":"2025-12-19T04:01:56","guid":{"rendered":"https:\/\/shop.tamminhfoods.vn\/product\/thung-thanh-hat-dinh-duong-freshie-vi-me-doi-rong-bien\/"},"modified":"2026-01-22T16:52:24","modified_gmt":"2026-01-22T09:52:24","slug":"thung-thanh-hat-dinh-duong-freshie-vi-me-doi-rong-bien","status":"publish","type":"product","link":"https:\/\/shop.tamminhfoods.vn\/en\/carton-of-6-boxes-freshie-sesame-seaweed-nut-bar-150g\/","title":{"rendered":"CARTON OF 6 BOXES FRESHIE SESAME &#038; SEAWEED NUT BAR 150G"},"content":{"rendered":"<p><b>You\u2019re Fresh \u2013 You\u2019re The Best\u201d<\/b><\/p>\n<p><b>Thanh H\u1ea1t Dinh D\u01b0\u1ee1ng Freshie c\u1ee7a T\u00e2m Minh Foods<\/b>\u00a0mang \u0111\u1ebfn ngu\u1ed3n n\u0103ng l\u01b0\u1ee3ng t\u01b0\u01a1i m\u1edbi, khi \u0103n thanh Freshie b\u1ea1n s\u1ebd c\u1ea3m th\u1ea5y nh\u01b0 \u0111\u01b0\u1ee3c ti\u1ebfp s\u1ee9c tr\u1ebb n\u0103ng \u0111\u1ed9ng, t\u1ef1 tin, s\u00e1ng t\u1ea1o \u0111\u1ec3 h\u1ecdc t\u1eadp, l\u00e0m vi\u1ec7c v\u00e0 tr\u1edf th\u00e0nh\u00a0<b>\u201cthe best version\u201d<\/b>\u00a0&#8211; phi\u00ean b\u1ea3n t\u1ed1t nh\u1ea5t c\u1ee7a ch\u00ednh m\u00ecnh.<\/p>\n<p>Thanh h\u1ea1t dinh d\u01b0\u1ee1ng Freshie \u0111\u01b0\u1ee3c l\u00e0m t\u1eeb c\u00e1c n\u00f4ng s\u1ea3n thu\u1ea7n Vi\u1ec7t, kh\u00f4ng ch\u1ee9a \u0111\u01b0\u1eddng tinh luy\u1ec7n, kh\u00f4ng h\u01b0\u01a1ng li\u1ec7u v\u00e0 ch\u1ea5t b\u1ea3o qu\u1ea3n, an to\u00e0n cho s\u1ee9c kh\u1ecfe. V\u1edbi th\u00f4ng \u0111i\u1ec7p You\u2019re fresh, You\u2019re the best \u2013\u00a0<b>N\u0103ng l\u01b0\u1ee3ng t\u01b0\u01a1i m\u1edbi &#8211; kh\u1edfi s\u1ef1 tuy\u1ec7t v\u1eddi,<\/b>thanh g\u1ea1o l\u1ee9t mix h\u1ea1t dinh d\u01b0\u1ee1ng Freshie l\u00e0 s\u1ef1 l\u1ef1a ch\u1ecdn ho\u00e0n h\u1ea3o, b\u1ed5 sung n\u0103ng l\u01b0\u1ee3ng tr\u01b0\u1edbc khi b\u1eaft \u0111\u1ea7u b\u1ea5t k\u1ef3 ho\u1ea1t \u0111\u1ed9ng n\u00e0o; gi\u00fap b\u1ea1n tr\u1edf n\u00ean n\u0103ng \u0111\u1ed9ng v\u00e0 c\u00f3 m\u1ed9t kh\u1edfi \u0111\u1ea7u tuy\u1ec7t v\u1eddi h\u01a1n bao gi\u1edd h\u1ebft. H\u00e3y th\u1eed Freshie v\u00e0 c\u1ea3m nh\u1eadn s\u1ef1 kh\u00e1c bi\u1ec7t nh\u00e9!<\/p>\n<p><strong>Th\u00e0nh ph\u1ea7n dinh d\u01b0\u1ee1ng:\u00a0<\/strong>G\u1ea1o l\u1ee9t, h\u1ea1t \u0111i\u1ec1u, h\u1ea1t b\u00ed, m\u00e8 \u0111\u1ed3i, rong bi\u1ec3n, m\u1ea1ch nha, m\u1eadt d\u1eeba n\u01b0\u1edbc, d\u1ea7u c\u1ecd, mu\u1ed1i himalaya.<\/p>\n<p><strong>\u01afu \u0111i\u1ec3m s\u1ea3n ph\u1ea9m:\u00a0<\/strong><\/p>\n<p>&#8211; 100% thu\u1ea7n th\u1ef1c v\u1eadt<\/p>\n<p>&#8211; Kh\u00f4ng chi\u00ean qua d\u1ea7u<\/p>\n<p>&#8211; Kh\u00f4ng s\u1eed d\u1ee5ng \u0111\u01b0\u1eddng tinh luy\u1ec7n<\/p>\n<p>&#8211; Kh\u00f4ng ch\u1ea5t b\u1ea3o qu\u1ea3n, h\u01b0\u01a1ng li\u1ec7u, ph\u1ea9m m\u00e0u<\/p>\n<p>&#8211; C\u00e1c lo\u1ea1i h\u1ea1t ch\u1ecdn l\u1ecdc cao c\u1ea5p<\/p>\n<p>&#8211; S\u1ea3n xu\u1ea5t trong d\u00e2y chuy\u1ec1n kh\u00e9p k\u00edn, nh\u00e0 m\u00e1y hi\u1ec7n \u0111\u1ea1i<\/p>\n<p><strong>\u0110\u1ed1i t\u01b0\u1ee3ng s\u1eed d\u1ee5ng:\u00a0<\/strong>s\u1ea3n ph\u1ea9m ph\u00f9 h\u1ee3p cho m\u1ecdi l\u1ee9a tu\u1ed5i trong gia \u0111\u00ecnh, \u0111\u1eb7c bi\u1ec7t ph\u00f9 h\u1ee3p cho ng\u01b0\u1eddi \u0103n ki\u00eang, gi\u1ea3m c\u00e2n, ch\u0103m s\u00f3c v\u00f3c d\u00e1ng.<\/p>\n<p><strong>C\u00e1c d\u1ecbp s\u1eed d\u1ee5ng:\u00a0<\/strong><\/p>\n<p>&#8211; L\u00e0 b\u1eefa \u0103n nh\u1eb9, b\u1eefa s\u00e1ng, b\u1eefa x\u1ebf gi\u00e0u dinh d\u01b0\u1ee1ng cho ng\u01b0\u1eddi b\u1eadn r\u1ed9n<\/p>\n<p>&#8211; Ch\u1ed1ng \u0111\u00f3i nhanh ch\u00f3ng khi \u0111ang h\u1ecdc ho\u1eb7c l\u00e0m vi\u1ec7c<\/p>\n<p>&#8211; B\u1ed5 sung n\u0103ng l\u01b0\u1ee3ng nhanh tr\u01b0\u1edbc v\u00e0 sau khi v\u1eadn \u0111\u1ed9ng th\u1ec3 d\u1ee5c, th\u1ec3 thao<\/p>\n<p>&#8211; Ti\u1ec7n l\u1ee3i \u0111\u1ec3 mang theo v\u00e0 s\u1eed d\u1ee5ng m\u1ecdi l\u00fac m\u1ecdi n\u01a1i<\/p>\n<p><strong>H\u01b0\u1edbng d\u1eabn b\u1ea3o qu\u1ea3n<\/strong>: \u0110\u1ec3 n\u01a1i kh\u00f4 r\u00e1o, tho\u00e1ng m\u00e1t, tr\u00e1nh \u00e1nh n\u1eafng tr\u1ef1c ti\u1ebfp<\/p>\n<p><strong>Ng\u00e0y s\u1ea3n xu\u1ea5t:<\/strong>\u00a0Xem tr\u00ean bao b\u00ec<\/p>\n<p><strong>H\u1ea1n s\u1eed d\u1ee5ng<\/strong>: 12 th\u00e1ng k\u1ec3 t\u1eeb ng\u00e0y s\u1ea3n xu\u1ea5t<\/p>\n","protected":false},"excerpt":{"rendered":"<p>Freshie Nutrition Bars are made from carefully selected premium nuts, with no refined sugar and no oil frying. They provide instant energy for daily activities, helping you stay ready for stronger, healthier beginnings.<\/p>\n","protected":false},"featured_media":2510,"comment_status":"open","ping_status":"closed","template":"","meta":{"_acf_changed":false},"product_brand":[],"product_cat":[86,15,68],"product_tag":[],"class_list":{"0":"post-2966","1":"product","2":"type-product","3":"status-publish","4":"has-post-thumbnail","6":"product_cat-hang-thung-en","7":"product_cat-product","8":"product_cat-healthy-instant-foods","10":"first","11":"instock","12":"shipping-taxable","13":"purchasable","14":"product-type-simple"},"acf":[],"_links":{"self":[{"href":"https:\/\/shop.tamminhfoods.vn\/en\/wp-json\/wp\/v2\/product\/2966","targetHints":{"allow":["GET"]}}],"collection":[{"href":"https:\/\/shop.tamminhfoods.vn\/en\/wp-json\/wp\/v2\/product"}],"about":[{"href":"https:\/\/shop.tamminhfoods.vn\/en\/wp-json\/wp\/v2\/types\/product"}],"replies":[{"embeddable":true,"href":"https:\/\/shop.tamminhfoods.vn\/en\/wp-json\/wp\/v2\/comments?post=2966"}],"wp:featuredmedia":[{"embeddable":true,"href":"https:\/\/shop.tamminhfoods.vn\/en\/wp-json\/wp\/v2\/media\/2510"}],"wp:attachment":[{"href":"https:\/\/shop.tamminhfoods.vn\/en\/wp-json\/wp\/v2\/media?parent=2966"}],"wp:term":[{"taxonomy":"product_brand","embeddable":true,"href":"https:\/\/shop.tamminhfoods.vn\/en\/wp-json\/wp\/v2\/product_brand?post=2966"},{"taxonomy":"product_cat","embeddable":true,"href":"https:\/\/shop.tamminhfoods.vn\/en\/wp-json\/wp\/v2\/product_cat?post=2966"},{"taxonomy":"product_tag","embeddable":true,"href":"https:\/\/shop.tamminhfoods.vn\/en\/wp-json\/wp\/v2\/product_tag?post=2966"}],"curies":[{"name":"wp","href":"https:\/\/api.w.org\/{rel}","templated":true}]}}