
{"id":2968,"date":"2025-12-08T07:16:17","date_gmt":"2025-12-08T07:16:17","guid":{"rendered":"https:\/\/shop.tamminhfoods.vn\/product\/thung-com-hat-dinh-duong-an-lien\/"},"modified":"2026-01-22T17:13:11","modified_gmt":"2026-01-22T10:13:11","slug":"thung-com-hat-dinh-duong-an-lien","status":"publish","type":"product","link":"https:\/\/shop.tamminhfoods.vn\/en\/carton-of-24-cans-instant-nutrition-rice-160g\/","title":{"rendered":"CARTON OF 24 CANS INSTANT NUTRITION RICE 160G"},"content":{"rendered":"<p>C\u01a1m h\u1ea1t dinh d\u01b0\u1ee1ng c\u1ee7a T\u00e2m Minh Foods, \u0111\u01b0\u1ee3c l\u00e0m t\u1eeb nh\u1eefng h\u1ea1t g\u1ea1o \u0111\u1eb7c s\u1ea3n tr\u1ee9 danh, v\u1edbi h\u01b0\u01a1ng th\u01a1m \u0111\u1eb7c tr\u01b0ng v\u00e0 ch\u1ea5t l\u01b0\u1ee3ng \u201cth\u01b0\u1ee3ng h\u1ea1ng\u201d; k\u1ebft h\u1ee3p c\u00f9ng nhi\u1ec1u lo\u1ea1i \u0111\u1eadu, h\u1ea1t gi\u00e0u dinh d\u01b0\u1ee1ng v\u00e0 axit amin kh\u00e1c nhau, mang \u0111\u1ebfn cho b\u1ea1n nh\u1eefng b\u1eefa c\u01a1m, th\u01a1m ngon t\u1eebng h\u1ea1t nh\u01b0 v\u1eeba \u0111\u01b0\u1ee3c n\u1ea5u.<\/p>\n<p>C\u01a1m h\u1ea1t dinh d\u01b0\u1ee1ng \u0111\u01b0\u1ee3c l\u00e0m t\u1eeb g\u1ea1o \u0111\u1eb7c s\u1ea3n ST25, hay g\u1ea1o S\u00f3c Tr\u0103ng 25, l\u00e0 n\u01a1i lo\u1ea1i g\u1ea1o n\u00e0y \u0111\u01b0\u1ee3c nghi\u00ean c\u1ee9u v\u00e0 s\u1ea3n xu\u1ea5t. N\u0103m 2019, g\u1ea1o ST25 \u0111\u01b0\u1ee3c c\u00f4ng nh\u1eadn l\u00e0 lo\u1ea1i g\u1ea1o ngon nh\u1ea5t th\u1ebf gi\u1edbi, c\u01a1m n\u1ea5u t\u1eeb g\u1ea1o r\u1ea5t ngon, v\u1ecb ng\u1ecdt v\u00e0 d\u1ebbo th\u01a1m nh\u01b0 m\u00f9i l\u00faa m\u1edbi.\u00a0Ngo\u00e0i ra h\u00e0m l\u01b0\u1ee3ng dinh d\u01b0\u1ee1ng c\u1ee7a ST25 c\u0169ng \u0111\u01b0\u1ee3c \u0111\u00e1nh gi\u00e1 l\u00e0 cao h\u01a1n c\u00e1c lo\u1ea1i g\u1ea1o th\u00f4ng th\u01b0\u1eddng. Ch\u00fang<strong>\u00a0<\/strong>ch\u1ee9a h\u00e0m l\u01b0\u1ee3ng cao c\u00e1c vitamin v\u00e0 kho\u00e1ng ch\u1ea5t nh\u01b0 magie, canxi, ch\u1ea5t x\u01a1,&#8230; c\u00f9ng h\u00e0m l\u01b0\u1ee3ng protein \u0111\u00e1ng k\u1ec3; ph\u00f9 h\u1ee3p v\u1edbi ng\u01b0\u1eddi m\u1eafc b\u1ec7nh \u0111\u00e1i th\u00e1o \u0111\u01b0\u1eddng, ng\u01b0\u1eddi gi\u00e0 v\u00e0 tr\u1ebb em<\/p>\n<p><strong>Th\u00e0nh ph\u1ea7n dinh d\u01b0\u1ee1ng:\u00a0<\/strong>g\u1ea1o ST25, h\u1ea1t k\u00ea, h\u1ea1t quinoa, h\u1ea1t ki\u1ec1u m\u1ea1ch, h\u1ea1t sen, \u0111\u1eadu h\u00e0 lan, \u0111\u1eadu g\u00e0, \u0111\u1eadu l\u0103ng, \u0111\u1eadu \u0111\u1ecf, \u0111\u1eadu \u0111en, b\u1ed9t n\u00eam ng\u01b0u b\u00e1ng.<\/p>\n<p><strong>\u01afu \u0111i\u1ec3m s\u1ea3n ph\u1ea9m:\u00a0<\/strong><\/p>\n<p><strong>&#8211;\u00a0<\/strong>Nguy\u00ean li\u1ec7u ho\u00e0n to\u00e0n t\u1eeb thi\u00ean nhi\u00ean<\/p>\n<p>&#8211; Kh\u00f4ng s\u1eed d\u1ee5ng ch\u1ea5t b\u1ea3o qu\u1ea3n<\/p>\n<p>&#8211; Kh\u00f4ng h\u01b0\u01a1ng li\u1ec7u c\u00f4ng nghi\u1ec7p<\/p>\n<p>&#8211; Kh\u00f4ng ph\u1ea9m m\u00e0u c\u00f4ng nghi\u1ec7p<\/p>\n<p><strong>\u0110\u1ed1i t\u01b0\u1ee3ng s\u1eed d\u1ee5ng:\u00a0<\/strong>s\u1ea3n ph\u1ea9m ph\u00f9 h\u1ee3p cho m\u1ecdi l\u1ee9a tu\u1ed5i trong gia \u0111\u00ecnh, t\u1eeb ng\u01b0\u1eddi gi\u00e0 \u0111\u1ebfn tr\u1ebb em, \u0111\u1eb7c bi\u1ec7t v\u1edbi ng\u01b0\u1eddi<b>\u00a0<\/b>m\u1eafc b\u1ec7nh \u0111\u00e1i th\u00e1o \u0111\u01b0\u1eddng.<\/p>\n<p><strong>C\u00f4ng d\u1ee5ng, l\u1ee3i \u00edch:\u00a0<\/strong><\/p>\n<ul>\n<li dir=\"ltr\" aria-level=\"1\">\n<p dir=\"ltr\" role=\"presentation\">C\u01a1m h\u1ea1t\u00a0dinh d\u01b0\u1ee1ng c\u00f3 h\u00e0m l\u01b0\u1ee3ng protein cao h\u01a1n so g\u1ea1o th\u01b0\u1eddng, kh\u00f4ng ch\u1ec9 mang \u0111\u1ebfn h\u01b0\u01a1ng v\u1ecb th\u01a1m ngon, d\u1ebbo m\u1ec1m m\u00e0 c\u00f2n gi\u00e0u d\u01b0\u1ee1ng ch\u1ea5t.<\/p>\n<\/li>\n<li dir=\"ltr\" aria-level=\"1\">\n<p dir=\"ltr\" role=\"presentation\">Th\u00e0nh ph\u1ea7n c\u1ee7a c\u01a1m h\u1ea1t dinh d\u01b0\u1ee1ng c\u00f3 h\u00e0m l\u01b0\u1ee3ng ch\u1ea5t s\u01a1 d\u1ed3i d\u00e0o, h\u1ed7 tr\u1ee3 ph\u00f2ng ng\u1eeba c\u00e1c b\u1ec7nh l\u00fd tim m\u1ea1ch v\u00e0 b\u1ec7nh v\u1ec1 \u0111\u01b0\u1eddng h\u00f4 h\u1ea5p.<\/p>\n<\/li>\n<li dir=\"ltr\" aria-level=\"1\">\n<p dir=\"ltr\" role=\"presentation\">C\u00e1c lo\u1ea1i \u0111\u1eadu, h\u1ea1t trong c\u01a1m cung c\u1ea5p nhi\u1ec1u kho\u00e1ng ch\u1ea5t v\u00e0 vitamin d\u1ed3i d\u00e0o nh\u01b0: vitamin B1, B2, B3, B9, Canxi, Kali, Magie&#8230;\u00a0Cho c\u01a1 th\u1ec3.<\/p>\n<\/li>\n<li dir=\"ltr\" aria-level=\"1\">\n<p dir=\"ltr\" role=\"presentation\">B\u1ed5 sung c\u01a1m h\u1ea1t dinh d\u01b0\u1ee1ng v\u00e0o b\u1eefa \u0103n h\u00e0ng ng\u00e0y, cung c\u1ea5p cho b\u1ea1n ch\u1ea5t b\u00e9o t\u1ed1t nh\u01b0 Omega 3, duy tr\u00ec ch\u1ee9c n\u0103ng h\u1ec7 th\u1ea7n kinh v\u00e0 mi\u1ec5n d\u1ecbch.<\/p>\n<\/li>\n<\/ul>\n<p><strong>C\u00e1c d\u1ecbp s\u1eed d\u1ee5ng:\u00a0<\/strong><\/p>\n<ul>\n<li>Ph\u00f9 h\u1ee3p s\u1eed d\u1ee5ng trong\u00a0nh\u1eefng chuy\u1ebfn \u0111i xa nh\u01b0 picnic, du l\u1ecbch v\u00e0 d\u00e3 ngo\u1ea1i ngo\u00e0i tr\u1eddi.<\/li>\n<li>B\u1ea1n b\u1eadn r\u1ed9n kh\u00f4ng c\u00f3 nhi\u1ec1u th\u1eddi gian, nh\u1eefng v\u1eabn mu\u1ed1n c\u00f3 m\u00f3n c\u01a1m\u00a0ngon, dinh d\u01b0\u1ee1ng.<\/li>\n<li>B\u1ea1n th\u01b0\u1eddng xuy\u00ean ph\u1ea3i di chuy\u1ec3n, ho\u1eb7c c\u00f4ng t\u00e1c xa, mang theo \u0111\u1ec3 s\u1eed d\u1ee5ng thay m\u00f3n l\u1ea1.<\/li>\n<li>Th\u1ef1c ph\u1ea9m d\u1ef1 tr\u1eef\u00a0l\u00fd t\u01b0\u1edfng cho nh\u1eefng n\u01a1i g\u1eb7p thi\u00ean tai, t\u1ea1m khan hi\u1ebfm l\u01b0\u01a1ng th\u1ef1c.<\/li>\n<\/ul>\n<p><strong>H\u01b0\u1edbng d\u1eabn s\u1eed d\u1ee5ng:\u00a0<\/strong><\/p>\n<ul>\n<li>D\u00f9ng ngay sau khi m\u1edf n\u1eafp (ngon h\u01a1n khi d\u00f9ng n\u00f3ng)<\/li>\n<li>D\u00f9ng k\u00e8m c\u00e1c m\u00f3n \u0103n kh\u00e1c<\/li>\n<li>L\u00e0m m\u00f3n c\u01a1m chi\u00ean, ho\u1eb7c\u00a0ch\u00e1o dinh d\u01b0\u1ee1ng<\/li>\n<\/ul>\n<p><strong>H\u01b0\u1edbng d\u1eabn b\u1ea3o qu\u1ea3n:\u00a0<\/strong>\u0110\u1ec3 n\u01a1i kh\u00f4 r\u00e1o tho\u00e1ng m\u00e1t, tr\u00e1nh \u00e1nh n\u1eafng tr\u1ef1c ti\u1ebfp.<\/p>\n<p><strong>Ng\u00e0y s\u1ea3n xu\u1ea5t:<\/strong> Xem tr\u00ean bao b\u00ec<\/p>\n<p><strong>H\u1ea1n s\u1eed d\u1ee5ng:<\/strong> 12 th\u00e1ng k\u1ec3 t\u1eeb ng\u00e0y s\u1ea3n xu\u1ea5t<\/p>\n","protected":false},"excerpt":{"rendered":"<p>Instant Nutritious Rice is made from premium ST25 specialty rice combined with nutrient-rich legumes, then processed using modern retort steaming technology to deliver a fragrant ready-to-eat rice product that preserves both nutrients and the fresh-cooked taste.<\/p>\n","protected":false},"featured_media":2609,"comment_status":"open","ping_status":"closed","template":"","meta":{"_acf_changed":false},"product_brand":[],"product_cat":[86,69],"product_tag":[],"class_list":{"0":"post-2968","1":"product","2":"type-product","3":"status-publish","4":"has-post-thumbnail","6":"product_cat-hang-thung-en","7":"product_cat-no-preservatives-canned-foods","9":"first","10":"instock","11":"shipping-taxable","12":"purchasable","13":"product-type-simple"},"acf":[],"_links":{"self":[{"href":"https:\/\/shop.tamminhfoods.vn\/en\/wp-json\/wp\/v2\/product\/2968","targetHints":{"allow":["GET"]}}],"collection":[{"href":"https:\/\/shop.tamminhfoods.vn\/en\/wp-json\/wp\/v2\/product"}],"about":[{"href":"https:\/\/shop.tamminhfoods.vn\/en\/wp-json\/wp\/v2\/types\/product"}],"replies":[{"embeddable":true,"href":"https:\/\/shop.tamminhfoods.vn\/en\/wp-json\/wp\/v2\/comments?post=2968"}],"wp:featuredmedia":[{"embeddable":true,"href":"https:\/\/shop.tamminhfoods.vn\/en\/wp-json\/wp\/v2\/media\/2609"}],"wp:attachment":[{"href":"https:\/\/shop.tamminhfoods.vn\/en\/wp-json\/wp\/v2\/media?parent=2968"}],"wp:term":[{"taxonomy":"product_brand","embeddable":true,"href":"https:\/\/shop.tamminhfoods.vn\/en\/wp-json\/wp\/v2\/product_brand?post=2968"},{"taxonomy":"product_cat","embeddable":true,"href":"https:\/\/shop.tamminhfoods.vn\/en\/wp-json\/wp\/v2\/product_cat?post=2968"},{"taxonomy":"product_tag","embeddable":true,"href":"https:\/\/shop.tamminhfoods.vn\/en\/wp-json\/wp\/v2\/product_tag?post=2968"}],"curies":[{"name":"wp","href":"https:\/\/api.w.org\/{rel}","templated":true}]}}