
{"id":2983,"date":"2025-12-19T04:28:49","date_gmt":"2025-12-19T04:28:49","guid":{"rendered":"https:\/\/shop.tamminhfoods.vn\/product\/thung-24-hop-suon-chay-xao-sa-ot-an-lien\/"},"modified":"2026-01-22T17:05:09","modified_gmt":"2026-01-22T10:05:09","slug":"thung-24-hop-suon-chay-xao-sa-ot-an-lien","status":"publish","type":"product","link":"https:\/\/shop.tamminhfoods.vn\/en\/carton-of-24-cans-stir-vegan-meat-with-lemongrass-chilli-100g\/","title":{"rendered":"CARTON OF 24 CANS STIR-FFIED VEGAN MEAT WITH LEMONGRASS &#038; CHILI 100G"},"content":{"rendered":"<p>S\u01b0\u1eddn chay x\u00e0o s\u1ea3 \u1edbt v\u1edbi th\u00e0nh ph\u1ea7n ch\u1ee9a 70% protein t\u1eeb l\u00faa m\u00ec, kh\u00f4ng ch\u1ee9a \u0111\u1ea1m \u0111\u1eadu n\u00e0nh, ph\u00f9 h\u1ee3p cho t\u1ea5t c\u1ea3 m\u1ecdi ng\u01b0\u1eddi. \u0110\u01b0\u1ee3c s\u1ea3n xu\u1ea5t b\u1eb1ng c\u00f4ng ngh\u1ec7 h\u1ea5p ti\u1ec7t tr\u00f9ng hi\u1ec7n \u0111\u1ea1i t\u1eeb Nh\u1eadt B\u1ea3n, gi\u1eef tr\u1ecdn s\u1ef1 dai ngon, v\u00e0 h\u01b0\u01a1ng v\u1ecb th\u01a1m cay tinh t\u1ebf t\u1eeb s\u1ea3 \u1edbt. S\u1ea3n ph\u1ea9m mang \u0111\u1ebfn cho b\u1ea1n nh\u1eefng b\u1eefa \u0103n \u0111\u1ea7y \u0111\u1ee7 dinh d\u01b0\u1ee1ng, ti\u1ec7n l\u1ee3i v\u00e0 l\u00e0nh m\u1ea1nh.<\/p>\n<p><strong>Th\u00e0nh ph\u1ea7n dinh d\u01b0\u1ee1ng:<\/strong>\u00a0Protein t\u1eeb l\u00faa m\u00ec 70%, s\u1ea3 c\u00e2y 10%, \u1edbt s\u1eebng \u0111\u1ecf 10%, ti\u00eau h\u1ea1t, h\u00e0nh t\u00edm, ngh\u1ec7 v\u00e0ng, d\u1ea7u h\u01b0\u1edbng d\u01b0\u01a1ng, b\u1ed9t n\u00eam Ng\u01b0u B\u00e1ng.<\/p>\n<p>\u01afu \u0111i\u1ec3m s\u1ea3n ph\u1ea9m:<\/p>\n<p>&#8211; Kh\u00f4ng s\u1eed d\u1ee5ng ch\u1ea5t b\u1ea3o qu\u1ea3n<\/p>\n<p>&#8211; Kh\u00f4ng ch\u1ee9a \u0111\u1ea1m \u0111\u1eadu n\u00e0nh<\/p>\n<p>&#8211; Kh\u00f4ng h\u01b0\u01a1ng li\u1ec7u c\u00f4ng nghi\u1ec7p<\/p>\n<p>&#8211; Kh\u00f4ng ph\u1ea9m m\u00e0u c\u00f4ng nghi\u1ec7p<\/p>\n<p>\u0110\u1ed1i t\u01b0\u1ee3ng s\u1eed d\u1ee5ng:\u00a0S\u1ea3n ph\u1ea9m ph\u00f9 h\u1ee3p cho m\u1ecdi th\u00e0nh vi\u00ean trong gia \u0111\u00ecnh.<\/p>\n<p><strong>L\u1ee3i \u00edch dinh d\u01b0\u1ee1ng:<\/strong><\/p>\n<p>&#8211; V\u1edbi 70% protein t\u1eeb l\u00faa m\u00ec, cung c\u1ea5p ngu\u1ed3n \u0111\u1ea1m th\u1ef1c v\u1eadt d\u1ed3i d\u00e0o, mang l\u1ea1i c\u1ea3m gi\u00e1c nh\u1eb9 b\u1ee5ng v\u00e0 h\u1ec7 ti\u00eau h\u00f3a kh\u1ecfe m\u1ea1nh.<\/p>\n<p>&#8211; H\u00e0m l\u01b0\u1ee3ng ch\u1ea5t s\u1eaft, canxi v\u00e0 c\u00e1c vi ch\u1ea5t thi\u1ebft y\u1ebfu c\u00f3 trong l\u00faa m\u00ec c\u00f2n gi\u00fap b\u1ed5 sung n\u0103ng l\u01b0\u1ee3ng v\u00e0 duy tr\u00ec h\u1ec7 x\u01b0\u01a1ng ch\u1eafc kho\u1ebb.<\/p>\n<p>&#8211; S\u1ea3 c\u00e2y ch\u1ee9a nhi\u1ec1u citral v\u00e0 ch\u1ea5t ch\u1ed1ng oxy h\u00f3a, gi\u00fap kh\u00e1ng vi\u00eam, h\u1ed7 tr\u1ee3 ti\u00eau h\u00f3a v\u00e0 t\u0103ng c\u01b0\u1eddng s\u1ee9c kho\u1ebb h\u1ec7 mi\u1ec5n d\u1ecbch.<\/p>\n<p>&#8211; \u1edat s\u1eebng \u0111\u1ecf gi\u00e0u capsaicin v\u00e0 vitamin C, hi\u1ec7u qu\u1ea3 trong vi\u1ec7c th\u00fac \u0111\u1ea9y trao \u0111\u1ed5i ch\u1ea5t, c\u1ea3i thi\u1ec7n ti\u00eau h\u00f3a v\u00e0 b\u1ea3o v\u1ec7 s\u1ee9c kh\u1ecfe tim m\u1ea1ch.<\/p>\n<p>H\u01b0\u1edbng d\u1eabn s\u1eed d\u1ee5ng:<\/p>\n<p>&#8211; B\u1ea1n c\u00f3 th\u1ec3 d\u00f9ng ngay sau khi m\u1edf n\u1eafp, ho\u1eb7c h\u00e2m n\u00f3ng theo nh\u1eefng c\u00e1ch sau \u0111\u1ec3 m\u00f3n \u0103n ngon h\u01a1n:<\/p>\n<p>&#8211; H\u1ea5p c\u00e1ch thu\u1ef7 trong n\u1ed3i t\u1eeb 2 &#8211; 3 ph\u00fat<\/p>\n<p>&#8211; Lu\u1ed9c tr\u1ef1c ti\u1ebfp trong n\u1ed3i n\u01b0\u1edbc s\u00f4i t\u1eeb 1 &#8211; 2 ph\u00fat<\/p>\n<p>&#8211; cho s\u1ea3n ph\u1ea9m ra t\u00f4 \/ d\u0129a v\u00e0 h\u00e2m n\u00f3ng trong l\u00f2 vi s\u00f3ng kho\u1ea3ng 1 ph\u00fat<\/p>\n<p>&#8211; B\u1ea1n c\u0169ng c\u00f3 th\u1ec3 \u0103n k\u00e8m v\u1edbi c\u00e1c m\u00f3n \u0103n kh\u00e1c nh\u01b0 c\u01a1m, s\u00f4i, ch\u00e1o, b\u00fan, b\u00e1nh m\u00ec&#8230;<\/p>\n<p>H\u01b0\u1edbng d\u1eabn b\u1ea3o qu\u1ea3n:\u00a0\u0111\u1ec3 n\u01a1i kh\u00f4 r\u00e1o, tho\u00e1ng m\u00e1t, tranh n\u01a1i c\u00f3 \u0111\u1ed9 \u1ea9m cao v\u00e0 \u00e1nh n\u1eafng tr\u1ef1c ti\u1ebfp.<\/p>\n<p><strong>Ng\u00e0y s\u1ea3n xu\u1ea5t:\u00a0<\/strong>xem tr\u00ean bao b\u00ec<\/p>\n<p><strong>H\u1ea1n s\u1eed d\u1ee5ng<\/strong>: 12 th\u00e1ng k\u1ec3 t\u1eeb ng\u00e0y s\u1ea3n xu\u1ea5t<\/p>\n","protected":false},"excerpt":{"rendered":"<p>Stir-fried Vegan Meat With Lemongrass &#038; Chili contain 70% wheat protein, blended with fresh lemongrass and red chili. After modern cooking and retort processing, the product delivers tender yet chewy vegan ribs with an aromatic, mildly spicy lemongrass\u2013chili flavor that excites the palate.<\/p>\n","protected":false},"featured_media":2524,"comment_status":"open","ping_status":"closed","template":"","meta":{"_acf_changed":false},"product_brand":[],"product_cat":[86,15,69],"product_tag":[],"class_list":{"0":"post-2983","1":"product","2":"type-product","3":"status-publish","4":"has-post-thumbnail","6":"product_cat-hang-thung-en","7":"product_cat-product","8":"product_cat-no-preservatives-canned-foods","10":"first","11":"instock","12":"shipping-taxable","13":"purchasable","14":"product-type-simple"},"acf":[],"_links":{"self":[{"href":"https:\/\/shop.tamminhfoods.vn\/en\/wp-json\/wp\/v2\/product\/2983","targetHints":{"allow":["GET"]}}],"collection":[{"href":"https:\/\/shop.tamminhfoods.vn\/en\/wp-json\/wp\/v2\/product"}],"about":[{"href":"https:\/\/shop.tamminhfoods.vn\/en\/wp-json\/wp\/v2\/types\/product"}],"replies":[{"embeddable":true,"href":"https:\/\/shop.tamminhfoods.vn\/en\/wp-json\/wp\/v2\/comments?post=2983"}],"wp:featuredmedia":[{"embeddable":true,"href":"https:\/\/shop.tamminhfoods.vn\/en\/wp-json\/wp\/v2\/media\/2524"}],"wp:attachment":[{"href":"https:\/\/shop.tamminhfoods.vn\/en\/wp-json\/wp\/v2\/media?parent=2983"}],"wp:term":[{"taxonomy":"product_brand","embeddable":true,"href":"https:\/\/shop.tamminhfoods.vn\/en\/wp-json\/wp\/v2\/product_brand?post=2983"},{"taxonomy":"product_cat","embeddable":true,"href":"https:\/\/shop.tamminhfoods.vn\/en\/wp-json\/wp\/v2\/product_cat?post=2983"},{"taxonomy":"product_tag","embeddable":true,"href":"https:\/\/shop.tamminhfoods.vn\/en\/wp-json\/wp\/v2\/product_tag?post=2983"}],"curies":[{"name":"wp","href":"https:\/\/api.w.org\/{rel}","templated":true}]}}