
{"id":3030,"date":"2025-12-19T07:00:10","date_gmt":"2025-12-19T07:00:10","guid":{"rendered":"https:\/\/shop.tamminhfoods.vn\/product\/thung-6-hop-bot-ngu-coc-tamigreen-140g\/"},"modified":"2026-01-22T17:15:55","modified_gmt":"2026-01-22T10:15:55","slug":"thung-6-hop-bot-ngu-coc-tamigreen-140g","status":"publish","type":"product","link":"https:\/\/shop.tamminhfoods.vn\/en\/carton-of-16-boxes-tamigreen-mixed-grain-powder-140g\/","title":{"rendered":"CARTON OF 16 BOXES TAMIGREEN MIXED GRAIN POWDER 140G"},"content":{"rendered":"<p>TAMI GREEN \u2013 T\u1ed0T B\u1ee4NG M\u1ed6I NG\u00c0Y \ud83c\udf3f<\/p>\n<p>M\u1ed9t ly th\u01a1m b\u00e9o, nh\u1eb9 nh\u00e0ng tan nhanh,<\/p>\n<p>Ch\u1ea5t x\u01a1 \u0111\u1ee7 \u0111\u1ea7y, kho\u1ebb t\u1eeb b\u00ean trong. \u2728<\/p>\n<p>\ud83c\udf43 Tami Green l\u00e0 s\u1ef1 k\u1ebft h\u1ee3p t\u1eeb \u0111\u1eadu, h\u1ea1t n\u1ea3y m\u1ea7m nh\u01b0 g\u1ea1o l\u1ee9t, \u0111\u1eadu g\u00e0, \u0111\u1eadu \u0111\u1ecf c\u00f9ng \u0111\u1eadu l\u0103ng, y\u1ebfn m\u1ea1ch, h\u1ea1nh nh\u00e2n, chu\u1ed1i ch\u00edn. \u0110\u1eb7c bi\u1ec7t c\u00f2n c\u00f3 c\u1ea3i kale, c\u1ea7n t\u00e2y, ch\u00f9m ng\u00e2y, c\u1ecf l\u00faa m\u00ec v\u00e0 t\u1ea3o spirulina &#8211; c\u00e1c lo\u1ea1i rau xanh \u0111\u01b0\u1ee3c v\u00ed nh\u01b0 si\u00eau th\u1ef1c ph\u1ea9m. C\u00f4ng th\u1ee9c \u0111\u1ed9c \u0111\u00e1o n\u00e0y mang \u0111\u1ebfn ngu\u1ed3n n\u0103ng l\u01b0\u1ee3ng xanh gi\u00fap c\u01a1 th\u1ec3 nh\u1eb9 nh\u00e0ng v\u00e0 tr\u00e0n \u0111\u1ea7y s\u1ee9c s\u1ed1ng:<\/p>\n<p>\ud83d\udccc S\u1ea3n ph\u1ea9m ph\u00f9 h\u1ee3p:<\/p>\n<p>Ng\u01b0\u1eddi b\u1eadn r\u1ed9n c\u1ea7n b\u1eefa s\u00e1ng nhanh g\u1ecdn.<\/p>\n<p>Ng\u01b0\u1eddi \u00edt \u0103n rau c\u1ea7n b\u1ed5 sung ch\u1ea5t x\u01a1.<\/p>\n<p>H\u1ecdc sinh, sinh vi\u00ean, m\u1eb9 b\u1ec9m, hay ng\u01b0\u1eddi l\u1edbn tu\u1ed5i mu\u1ed1n \u1ed5n \u0111\u1ecbnh h\u1ec7 ti\u00eau h\u00f3a v\u00e0 t\u0103ng c\u01b0\u1eddng s\u1ee9c kh\u1ecfe m\u1ed7i ng\u00e0y.<\/p>\n<p>&nbsp;<\/p>\n","protected":false},"excerpt":{"rendered":"<p>TAMI GREEN \u2013 T\u1ed0T B\u1ee4NG M\u1ed6I NG\u00c0Y \ud83c\udf3f M\u1ed9t ly th\u01a1m b\u00e9o, nh\u1eb9 nh\u00e0ng tan nhanh, Ch\u1ea5t x\u01a1 \u0111\u1ee7 \u0111\u1ea7y, kho\u1ebb t\u1eeb b\u00ean trong. \u2728 \ud83c\udf43 Tami Green l\u00e0 s\u1ef1 k\u1ebft h\u1ee3p t\u1eeb \u0111\u1eadu, h\u1ea1t n\u1ea3y m\u1ea7m nh\u01b0 g\u1ea1o l\u1ee9t, \u0111\u1eadu g\u00e0, \u0111\u1eadu \u0111\u1ecf c\u00f9ng \u0111\u1eadu l\u0103ng, y\u1ebfn m\u1ea1ch, h\u1ea1nh nh\u00e2n, chu\u1ed1i ch\u00edn. \u0110\u1eb7c bi\u1ec7t [&hellip;]<\/p>\n","protected":false},"featured_media":2546,"comment_status":"open","ping_status":"closed","template":"","meta":{"_acf_changed":false},"product_brand":[],"product_cat":[86,70],"product_tag":[],"class_list":{"0":"post-3030","1":"product","2":"type-product","3":"status-publish","4":"has-post-thumbnail","6":"product_cat-hang-thung-en","7":"product_cat-nutritional-drinks","9":"first","10":"instock","11":"shipping-taxable","12":"purchasable","13":"product-type-simple"},"acf":[],"_links":{"self":[{"href":"https:\/\/shop.tamminhfoods.vn\/en\/wp-json\/wp\/v2\/product\/3030","targetHints":{"allow":["GET"]}}],"collection":[{"href":"https:\/\/shop.tamminhfoods.vn\/en\/wp-json\/wp\/v2\/product"}],"about":[{"href":"https:\/\/shop.tamminhfoods.vn\/en\/wp-json\/wp\/v2\/types\/product"}],"replies":[{"embeddable":true,"href":"https:\/\/shop.tamminhfoods.vn\/en\/wp-json\/wp\/v2\/comments?post=3030"}],"wp:featuredmedia":[{"embeddable":true,"href":"https:\/\/shop.tamminhfoods.vn\/en\/wp-json\/wp\/v2\/media\/2546"}],"wp:attachment":[{"href":"https:\/\/shop.tamminhfoods.vn\/en\/wp-json\/wp\/v2\/media?parent=3030"}],"wp:term":[{"taxonomy":"product_brand","embeddable":true,"href":"https:\/\/shop.tamminhfoods.vn\/en\/wp-json\/wp\/v2\/product_brand?post=3030"},{"taxonomy":"product_cat","embeddable":true,"href":"https:\/\/shop.tamminhfoods.vn\/en\/wp-json\/wp\/v2\/product_cat?post=3030"},{"taxonomy":"product_tag","embeddable":true,"href":"https:\/\/shop.tamminhfoods.vn\/en\/wp-json\/wp\/v2\/product_tag?post=3030"}],"curies":[{"name":"wp","href":"https:\/\/api.w.org\/{rel}","templated":true}]}}