
{"id":3040,"date":"2025-12-19T04:20:30","date_gmt":"2025-12-19T04:20:30","guid":{"rendered":"https:\/\/shop.tamminhfoods.vn\/product\/thung-6-hop-bot-ngu-coc-tami-it-ngot-900g\/"},"modified":"2026-01-22T17:19:03","modified_gmt":"2026-01-22T10:19:03","slug":"thung-6-hop-bot-ngu-coc-tami-it-ngot-900g","status":"publish","type":"product","link":"https:\/\/shop.tamminhfoods.vn\/en\/carton-of-6-boxes-tami-mixed-grain-powder-with-sugar-900g\/","title":{"rendered":"CARTON OF 6 BOXES TAMI MIXED GRAIN POWDER WITH SUGAR 900G"},"content":{"rendered":"<p>B\u1ed9t ng\u0169 c\u1ed1c TAMI th\u1ee9c u\u1ed1ng dinh d\u01b0\u1ee1ng t\u1eeb h\u1ea1t n\u1ea3y m\u1ea7m, v\u1edbi th\u00e0nh ph\u1ea7n t\u1eeb 9 lo\u1ea1i \u0111\u1eadu h\u1ea1t ch\u1ecdn l\u1ecdc, c\u00f3 h\u00e0m l\u01b0\u1ee3ng dinh d\u01b0\u1ee1ng cao. Mang \u0111\u1ebfn cho b\u1ea1n th\u1ee9c u\u1ed1ng th\u01a1m ngon, b\u1ed5 d\u01b0\u1ee1ng, cung c\u1ea5p n\u0103ng l\u01b0\u1ee3ng v\u00e0 h\u1ed7 tr\u1ee3 t\u0103ng c\u01b0\u1eddng s\u1ee9c kho\u1ebb m\u1ed7i ng\u00e0y.<\/p>\n<p><strong>Th\u00e0nh ph\u1ea7n dinh d\u01b0\u1ee1ng:\u00a0<\/strong>g\u1ea1o l\u1ee9t n\u1ea3y m\u1ea7m, \u0111\u1eadu \u0111\u1ecf n\u1ea3y m\u1ea7m, \u0111\u1eadu g\u00e0 n\u1ea3y m\u1ea7m, \u0111\u1eadu \u0111en xanh l\u00f2ng, h\u1ea1t b\u00ed, \u0111\u1eadu l\u0103ng, y\u1ebfn m\u1ea1ch, \u00f3c ch\u00f3, h\u1ea1nh nh\u00e2n, \u0111\u01b0\u1eddng v\u00e0ng th\u00f4.<\/p>\n<p>\u01afu \u0111i\u1ec3m s\u1ea3n ph\u1ea9m:<\/p>\n<p>&#8211; Nguy\u00ean li\u1ec7u ho\u00e0n to\u00e0n t\u1eeb thi\u00ean nhi\u00ean<\/p>\n<p>&#8211; Kh\u00f4ng s\u1eed d\u1ee5ng ch\u1ea5t b\u1ea3o qu\u1ea3n<\/p>\n<p>&#8211; Kh\u00f4ng h\u01b0\u01a1ng li\u1ec7u c\u00f4ng nghi\u1ec7p<\/p>\n<p>&#8211; Kh\u00f4ng ph\u1ea9m m\u00e0u c\u00f4ng nghi\u1ec7p<\/p>\n<p>\u0110\u1ed1i t\u01b0\u1ee3ng s\u1eed d\u1ee5ng:\u00a0S\u1ea3n ph\u1ea9m ph\u00f9 h\u1ee3p cho m\u1ecdi th\u00e0nh vi\u00ean trong gia \u0111\u00ecnh, t\u1eeb ng\u01b0\u1eddi l\u1edbn tu\u1ed5i cho \u0111\u1ebfn tr\u1ebb nh\u1ecf.<\/p>\n<p>C\u00f4ng d\u1ee5ng, l\u1ee3i \u00edch:<\/p>\n<p>&#8211; Ng\u01b0\u1eddi v\u1eadn \u0111\u1ed9ng th\u1ec3 d\u1ee5c th\u1ec3 thao, ng\u01b0\u1eddi l\u00e0m vi\u1ec7c nhi\u1ec1u, vi\u1ec7c n\u1eb7ng n\u00ean d\u00f9ng \u0111\u1ec3 b\u1ed5 sung n\u0103ng l\u01b0\u1ee3ng.<\/p>\n<p>&#8211; Tr\u1ebb nh\u1ecf d\u00f9ng \u0111\u1ec3 th\u00f4ng minh v\u00e0 ph\u00e1t tri\u1ec3n chi\u1ec1u cao, thay cho c\u00e1c lo\u1ea1i s\u1eefa c\u00f3 nhi\u1ec1u ch\u1ea5t b\u1ea3o qu\u1ea3n.<\/p>\n<p>&#8211; Ng\u01b0\u1eddi gi\u00e0 d\u00f9ng \u0111\u1ec3 h\u1ed7 tr\u1ee3 h\u1ec7 ti\u00eau ho\u00e1 \u0111\u01b0\u1ee3c \u1ed5n \u0111\u1ecbnh.<\/p>\n<p>&#8211; Nh\u00e2n vi\u00ean v\u0103n ph\u00f2ng, ho\u1eb7c nh\u1eefng ng\u01b0\u1eddi \u00edt v\u1eadn \u0111\u1ed9ng, ng\u1ed3i nhi\u1ec1u d\u00f9ng \u0111\u1ec3 c\u00f3 v\u00f3c d\u00e1ng thon g\u1ecdn.<\/p>\n<p>&#8211; Ng\u01b0\u1eddi hay di chuy\u1ec3n nhi\u1ec1u, \u0111i c\u00f4ng t\u00e1c c\u00f3 th\u1ec3 mang theo d\u00f9ng thay th\u1ee9c \u0103n l\u1ea1 kh\u00f4ng h\u1ee3p kh\u1ea9u v\u1ecb.<\/p>\n<p>H\u01b0\u1edbng d\u1eabn s\u1eed d\u1ee5ng:<\/p>\n<p>&#8211; Cho g\u00f3i b\u1ed9t ng\u0169 c\u1ed1c Tami v\u00e0o ly, cho m\u1ed9t \u00edt n\u01b0\u1edbc l\u1ecdc v\u00e0o kh\u1ea5y cho b\u1ed9t tan<\/p>\n<p>&#8211; Cho 150ml &#8211; 200ml n\u01b0\u1edbc s\u00f4i v\u00e0o ly, khu\u1ea5y \u0111\u1ec1u. C\u00f3 th\u1ec3 gia gi\u1ea3m l\u01b0\u1ee3ng n\u01b0\u1edbc \u0111\u1ec3 ph\u00f9 h\u1ee3p v\u1edbi s\u1edf th\u00edch u\u1ed1ng \u0111\u1eb7c hay lo\u00e3ng<\/p>\n<p>&#8211; C\u00f3 th\u1ec3 u\u1ed1ng n\u00f3ng ho\u1eb7c cho \u0111\u00e1 v\u00e0o \u0111\u1ec3 th\u01b0\u1edfng th\u1ee9c tu\u1ef3 theo s\u1edf th\u00edch<\/p>\n<p>H\u01b0\u1edbng d\u1eabn b\u1ea3o qu\u1ea3n:\u00a0\u0111\u1ec3 n\u01a1i kh\u00f4 r\u00e1o, tho\u00e1ng m\u00e1t, tranh n\u01a1i c\u00f3 \u0111\u1ed9 \u1ea9m cao v\u00e0 \u00e1nh n\u1eafng tr\u1ef1c ti\u1ebfp.<\/p>\n<p><strong>Ng\u00e0y s\u1ea3n xu\u1ea5t:\u00a0<\/strong>xem tr\u00ean bao b\u00ec<\/p>\n<p><strong>H\u1ea1n s\u1eed d\u1ee5ng<\/strong>: 18 th\u00e1ng k\u1ec3 t\u1eeb ng\u00e0y s\u1ea3n xu\u1ea5t<\/p>\n","protected":false},"excerpt":{"rendered":"<p>B\u1ed9t ng\u0169 c\u1ed1c TAMI \u0111\u01b0\u1ee3c l\u00e0m t\u1eeb 9 lo\u1ea1i \u0111\u1eadu, h\u1ea1t n\u1ea3y m\u1ea7m, c\u00f3 gi\u00e1 tr\u1ecb dinh d\u01b0\u1ee1ng v\u00e0 kho\u00e1ng ch\u1ea5t cao. S\u1ea3n ph\u1ea9m ho\u00e0n to\u00e0n t\u1eeb thi\u00ean nhi\u00ean, kh\u00f4ng ch\u1ea5t b\u1ea3o qu\u1ea3n, h\u01b0\u01a1ng li\u1ec7u v\u00e0 ph\u1ea9m m\u00e0u. Gi\u00fap b\u1ea1n b\u1ed5 sung n\u0103ng l\u01b0\u1ee3ng, h\u1ed7 tr\u1ee3 h\u1ec7 ti\u00eau h\u00f3a v\u00e0 cung c\u1ea5p d\u01b0\u1ee1ng ch\u1ea5t thi\u1ebft y\u1ebfu cho c\u01a1 th\u1ec3.<\/p>\n<p><strong>Quy c\u00e1ch \u0111\u00f3ng g\u00f3i:\u00a0<\/strong>18g x 50 g\u00f3i\/ h\u1ed9p (900g)<\/p>\n","protected":false},"featured_media":2517,"comment_status":"open","ping_status":"closed","template":"","meta":{"_acf_changed":false},"product_brand":[],"product_cat":[86,15,70],"product_tag":[],"class_list":{"0":"post-3040","1":"product","2":"type-product","3":"status-publish","4":"has-post-thumbnail","6":"product_cat-hang-thung-en","7":"product_cat-product","8":"product_cat-nutritional-drinks","10":"first","11":"instock","12":"shipping-taxable","13":"purchasable","14":"product-type-simple"},"acf":[],"_links":{"self":[{"href":"https:\/\/shop.tamminhfoods.vn\/en\/wp-json\/wp\/v2\/product\/3040","targetHints":{"allow":["GET"]}}],"collection":[{"href":"https:\/\/shop.tamminhfoods.vn\/en\/wp-json\/wp\/v2\/product"}],"about":[{"href":"https:\/\/shop.tamminhfoods.vn\/en\/wp-json\/wp\/v2\/types\/product"}],"replies":[{"embeddable":true,"href":"https:\/\/shop.tamminhfoods.vn\/en\/wp-json\/wp\/v2\/comments?post=3040"}],"wp:featuredmedia":[{"embeddable":true,"href":"https:\/\/shop.tamminhfoods.vn\/en\/wp-json\/wp\/v2\/media\/2517"}],"wp:attachment":[{"href":"https:\/\/shop.tamminhfoods.vn\/en\/wp-json\/wp\/v2\/media?parent=3040"}],"wp:term":[{"taxonomy":"product_brand","embeddable":true,"href":"https:\/\/shop.tamminhfoods.vn\/en\/wp-json\/wp\/v2\/product_brand?post=3040"},{"taxonomy":"product_cat","embeddable":true,"href":"https:\/\/shop.tamminhfoods.vn\/en\/wp-json\/wp\/v2\/product_cat?post=3040"},{"taxonomy":"product_tag","embeddable":true,"href":"https:\/\/shop.tamminhfoods.vn\/en\/wp-json\/wp\/v2\/product_tag?post=3040"}],"curies":[{"name":"wp","href":"https:\/\/api.w.org\/{rel}","templated":true}]}}