
{"id":3138,"date":"2025-11-27T06:56:11","date_gmt":"2025-11-27T06:56:11","guid":{"rendered":"https:\/\/shop.tamminhfoods.vn\/product\/dau-hu-xao-sa-ot\/"},"modified":"2026-02-02T09:42:02","modified_gmt":"2026-02-02T02:42:02","slug":"dau-hu-xao-sa-ot","status":"publish","type":"product","link":"https:\/\/shop.tamminhfoods.vn\/en\/stir-fried-tofu-with-lemongrass-chilli-100g\/","title":{"rendered":"STIR FRIED TOFU WITH LEMONGRASS &#038; CHILLI 100G"},"content":{"rendered":"<p><img loading=\"lazy\" decoding=\"async\" class=\"alignnone size-medium wp-image-2280\" src=\"https:\/\/shop.tamminhfoods.vn\/wp-content\/uploads\/2025\/11\/dh-300x300.jpg\" alt=\"\" width=\"300\" height=\"300\" srcset=\"https:\/\/shop.tamminhfoods.vn\/wp-content\/uploads\/2025\/11\/dh-300x300.jpg 300w, https:\/\/shop.tamminhfoods.vn\/wp-content\/uploads\/2025\/11\/dh-150x150.jpg 150w, https:\/\/shop.tamminhfoods.vn\/wp-content\/uploads\/2025\/11\/dh-768x768.jpg 768w, https:\/\/shop.tamminhfoods.vn\/wp-content\/uploads\/2025\/11\/dh-600x600.jpg 600w, https:\/\/shop.tamminhfoods.vn\/wp-content\/uploads\/2025\/11\/dh-100x100.jpg 100w, https:\/\/shop.tamminhfoods.vn\/wp-content\/uploads\/2025\/11\/dh.jpg 1024w\" sizes=\"auto, (max-width: 300px) 100vw, 300px\" \/><\/p>\n<p>\u0110\u1eadu h\u0169 x\u00e0o s\u1ea3 \u1edbt v\u1edbi th\u00e0nh ph\u1ea7n \u0110\u1eadu h\u0169 (65%)\u0111\u01b0\u1ee3c l\u00e0m t\u1eeb \u0111\u1eadu n\u00e0nh kh\u00f4ng bi\u1ebfn \u0111\u1ed5i gen, s\u1ea3n xu\u1ea5t b\u1eb1ng c\u00f4ng ngh\u1ec7 Nh\u1eadt B\u1ea3n ti\u00ean ti\u1ebfn, mang \u0111\u1ebfn k\u1ebft c\u1ea5u ch\u1eafc m\u1ecbn, dai ngon v\u00e0 h\u01b0\u01a1ng v\u1ecb t\u1ef1 nhi\u00ean.<\/p>\n<p>S\u1ea3n ph\u1ea9m cung c\u1ea5p ngu\u1ed3n \u0111\u1ea1m th\u1ef1c v\u1eadt ch\u1ea5t l\u01b0\u1ee3ng cao, gi\u00fap b\u1ed5 sung dinh d\u01b0\u1ee1ng l\u00e0nh m\u1ea1nh, t\u1ed1t cho tim m\u1ea1ch v\u00e0 h\u1ed7 tr\u1ee3 h\u1ec7 ti\u00eau h\u00f3a kh\u1ecfe m\u1ea1nh.<\/p>\n<p><strong>Th\u00e0nh ph\u1ea7n dinh d\u01b0\u1ee1ng<\/strong>:\u00a0\u0110\u1eadu h\u0169 (65%), s\u1ea3 c\u00e2y (15%), \u1edbt s\u1eebng \u0111\u1ecf (10%), ti\u00eau h\u1ea1t, b\u1ed9t n\u00eam ng\u01b0u b\u00e1ng, \u0111\u01b0\u1eddng v\u00e0ng, n\u01b0\u1edbc m\u1eafm chay, d\u1ea7u h\u01b0\u1edbng d\u01b0\u01a1ng, ngh\u1ec7 v\u00e0ng.<\/p>\n<p>&#8211; Kh\u00f4ng s\u1eed d\u1ee5ng ch\u1ea5t b\u1ea3o qu\u1ea3n<\/p>\n<p>&#8211; Kh\u00f4ng h\u01b0\u01a1ng li\u1ec7u c\u00f4ng nghi\u1ec7p<\/p>\n<p>&#8211; Kh\u00f4ng s\u1eed d\u1ee5ng b\u1ed9t ng\u1ecdt c\u00f4ng<\/p>\n<p>&#8211; Kh\u00f4ng ph\u1ea9m m\u00e0u c\u00f4ng nghi\u1ec7p<\/p>\n<p>\u0110\u1ed1i t\u01b0\u1ee3ng s\u1eed d\u1ee5ng:\u00a0S\u1ea3n ph\u1ea9m ph\u00f9 h\u1ee3p cho m\u1ecdi th\u00e0nh vi\u00ean trong gia \u0111\u00ecnh.<\/p>\n<p>L\u1ee3i \u00edch dinh d\u01b0\u1ee1ng:<\/p>\n<p>&#8211; \u0110\u1eadu h\u0169 \u0111\u01b0\u1ee3c l\u00e0m t\u1eeb \u0111\u1eadu n\u00e0nh kh\u00f4ng bi\u1ebfn \u0111\u1ed5i gen, s\u1ea3n xu\u1ea5t b\u1eb1ng c\u00f4ng ngh\u1ec7 Nh\u1eadt B\u1ea3n ti\u00ean ti\u1ebfn, mang \u0111\u1ebfn k\u1ebft c\u1ea5u ch\u1eafc m\u1ecbn, dai ngon v\u00e0 h\u01b0\u01a1ng v\u1ecb t\u1ef1 nhi\u00ean.<\/p>\n<p>&#8211; S\u1ea3n ph\u1ea9m cung c\u1ea5p ngu\u1ed3n \u0111\u1ea1m th\u1ef1c v\u1eadt ch\u1ea5t l\u01b0\u1ee3ng cao, gi\u00fap b\u1ed5 sung dinh d\u01b0\u1ee1ng l\u00e0nh m\u1ea1nh, t\u1ed1t cho tim m\u1ea1ch v\u00e0 h\u1ed7 tr\u1ee3 h\u1ec7 ti\u00eau h\u00f3a kh\u1ecfe m\u1ea1nh.<\/p>\n<p>&#8211; S\u1ea3 c\u00e2y ch\u1ee9a nhi\u1ec1u citral v\u00e0 ch\u1ea5t ch\u1ed1ng oxy h\u00f3a, gi\u00fap kh\u00e1ng vi\u00eam, h\u1ed7 tr\u1ee3 ti\u00eau h\u00f3a v\u00e0 t\u0103ng c\u01b0\u1eddng s\u1ee9c kho\u1ebb h\u1ec7 mi\u1ec5n d\u1ecbch.<\/p>\n<p>&#8211; \u1edat s\u1eebng \u0111\u1ecf gi\u00e0u capsaicin v\u00e0 vitamin C, hi\u1ec7u qu\u1ea3 trong vi\u1ec7c th\u00fac \u0111\u1ea9y trao \u0111\u1ed5i ch\u1ea5t, c\u1ea3i thi\u1ec7n ti\u00eau h\u00f3a v\u00e0 b\u1ea3o v\u1ec7 s\u1ee9c kh\u1ecfe tim m\u1ea1ch.<\/p>\n<p>H\u01b0\u1edbng d\u1eabn s\u1eed d\u1ee5ng:<\/p>\n<p>&#8211; B\u1ea1n c\u00f3 th\u1ec3 d\u00f9ng ngay sau khi m\u1edf n\u1eafp, ho\u1eb7c h\u00e2m n\u00f3ng theo nh\u1eefng c\u00e1ch sau \u0111\u1ec3 m\u00f3n \u0103n ngon h\u01a1n:<\/p>\n<p>&#8211; H\u1ea5p c\u00e1ch thu\u1ef7 trong n\u1ed3i t\u1eeb 2 &#8211; 3 ph\u00fat<\/p>\n<p>&#8211; Lu\u1ed9c tr\u1ef1c ti\u1ebfp trong n\u1ed3i n\u01b0\u1edbc s\u00f4i t\u1eeb 1 &#8211; 2 ph\u00fat<\/p>\n<p>&#8211; cho s\u1ea3n ph\u1ea9m ra t\u00f4 \/ d\u0129a v\u00e0 h\u00e2m n\u00f3ng trong l\u00f2 vi s\u00f3ng kho\u1ea3ng 1 ph\u00fat<\/p>\n<p>&#8211; B\u1ea1n c\u0169ng c\u00f3 th\u1ec3 \u0103n k\u00e8m v\u1edbi c\u00e1c m\u00f3n \u0103n kh\u00e1c nh\u01b0 c\u01a1m, s\u00f4i, ch\u00e1o, b\u00fan, b\u00e1nh m\u00ec&#8230;<\/p>\n<p>H\u01b0\u1edbng d\u1eabn b\u1ea3o qu\u1ea3n:\u00a0\u0111\u1ec3 n\u01a1i kh\u00f4 r\u00e1o, tho\u00e1ng m\u00e1t, tranh n\u01a1i c\u00f3 \u0111\u1ed9 \u1ea9m cao v\u00e0 \u00e1nh n\u1eafng tr\u1ef1c ti\u1ebfp.<\/p>\n<p><strong>Ng\u00e0y s\u1ea3n xu\u1ea5t:\u00a0<\/strong>xem tr\u00ean bao b\u00ec<\/p>\n<p><strong>H\u1ea1n s\u1eed d\u1ee5ng<\/strong>: 12 th\u00e1ng k\u1ec3 t\u1eeb ng\u00e0y s\u1ea3n xu\u1ea5t<\/p>\n","protected":false},"excerpt":{"rendered":"<p>\u0110\u1eadu h\u0169 x\u00e0o s\u1ea3 \u1edbt, \u0111\u01b0\u1ee3c l\u00e0m t\u1eeb \u0111\u1eadu h\u0169 gi\u00e0u \u0111\u1ea1m v\u1edbi c\u00f4ng ngh\u1ec7 s\u1ea3n xu\u1ea5t ti\u00ean ti\u1ebfn, tr\u1ea3i qua qu\u00e1 tr\u00ecnh ch\u1ebf bi\u1ebfn v\u00e0 h\u1ea5p ti\u1ec7t tr\u00f9ng, mang \u0111\u1ebfn m\u00f3n \u0111\u1eadu h\u0169 x\u00e0o s\u1ea3 \u1edbt th\u01a1m m\u1ec1m v\u00e0 dai ngon, c\u00f9ng h\u01b0\u01a1ng th\u01a1m \u0111\u1eb7c tr\u01b0ng t\u1eeb s\u1ea3 t\u01b0\u01a1i v\u00e0 v\u1ecb cay nh\u1eb9 c\u1ee7a \u1edbt s\u1eebng.<\/p>\n","protected":false},"featured_media":2336,"comment_status":"open","ping_status":"closed","template":"","meta":{"_acf_changed":false},"product_brand":[],"product_cat":[69],"product_tag":[],"class_list":{"0":"post-3138","1":"product","2":"type-product","3":"status-publish","4":"has-post-thumbnail","6":"product_cat-no-preservatives-canned-foods","8":"first","9":"instock","10":"shipping-taxable","11":"purchasable","12":"product-type-simple"},"acf":[],"_links":{"self":[{"href":"https:\/\/shop.tamminhfoods.vn\/en\/wp-json\/wp\/v2\/product\/3138","targetHints":{"allow":["GET"]}}],"collection":[{"href":"https:\/\/shop.tamminhfoods.vn\/en\/wp-json\/wp\/v2\/product"}],"about":[{"href":"https:\/\/shop.tamminhfoods.vn\/en\/wp-json\/wp\/v2\/types\/product"}],"replies":[{"embeddable":true,"href":"https:\/\/shop.tamminhfoods.vn\/en\/wp-json\/wp\/v2\/comments?post=3138"}],"wp:featuredmedia":[{"embeddable":true,"href":"https:\/\/shop.tamminhfoods.vn\/en\/wp-json\/wp\/v2\/media\/2336"}],"wp:attachment":[{"href":"https:\/\/shop.tamminhfoods.vn\/en\/wp-json\/wp\/v2\/media?parent=3138"}],"wp:term":[{"taxonomy":"product_brand","embeddable":true,"href":"https:\/\/shop.tamminhfoods.vn\/en\/wp-json\/wp\/v2\/product_brand?post=3138"},{"taxonomy":"product_cat","embeddable":true,"href":"https:\/\/shop.tamminhfoods.vn\/en\/wp-json\/wp\/v2\/product_cat?post=3138"},{"taxonomy":"product_tag","embeddable":true,"href":"https:\/\/shop.tamminhfoods.vn\/en\/wp-json\/wp\/v2\/product_tag?post=3138"}],"curies":[{"name":"wp","href":"https:\/\/api.w.org\/{rel}","templated":true}]}}